{"id":98,"date":"2012-08-16T16:33:40","date_gmt":"2012-08-16T14:33:40","guid":{"rendered":"http:\/\/juz-mannheim.de\/juz\/?page_id=98"},"modified":"2020-10-22T11:29:44","modified_gmt":"2020-10-22T09:29:44","slug":"kuchen-fachschaft","status":"publish","type":"page","link":"https:\/\/juz-mannheim.de\/en\/fachschaften\/kuchen-fachschaft\/","title":{"rendered":"K\u00fcchen-Fachschaft"},"content":{"rendered":"<p style=\"text-align: justify;\"><span style=\"font-family: Arial,Helvetica,sans-serif;\"><a href=\"https:\/\/juz-mannheim.de\/wp-content\/uploads\/2020\/10\/vokuehomepage.jpg\"><img loading=\"lazy\" decoding=\"async\" class=\"size-full wp-image-4034 alignleft\" src=\"https:\/\/juz-mannheim.de\/wp-content\/uploads\/2020\/10\/vokuehomepage.jpg\" alt=\"\" width=\"140\" height=\"102\" \/><\/a>Ziel der K\u00fcchen-Fachschaft ist es, eine bewusste, vollwertige Ern\u00e4hrung sowie eine kritische Auseinandersetzung mit Tierhaltung, der industriellen Herstellung von Fertigprodukten und Fastfood zu thematisieren. Die K\u00fcchen-Fachschaft organisiert JUZ-interne vegane und vegetarische Kochkurse. Au\u00dferdem bekocht die K\u00fcchen-Fachschaft bei zahlreichen Veranstaltungen im JUZ Helfer_innen und Bands.<\/span><span style=\"font-family: Arial,Helvetica,sans-serif;\"><br \/>\n<\/span><\/p>\n<p>Habt ihr Fragen oder wollt bei der K\u00fcchen-Fachschaft mitmachen? Dann schreibt uns an kuechen(minus)fachschaft(\u00e4tt)juz(minus)mannheim(punkt)de<\/p>\n","protected":false},"excerpt":{"rendered":"<p>Ziel der K\u00fcchen-Fachschaft ist es, eine bewusste, vollwertige Ern\u00e4hrung sowie eine kritische Auseinandersetzung mit Tierhaltung, der industriellen Herstellung von Fertigprodukten und Fastfood zu thematisieren. Die K\u00fcchen-Fachschaft organisiert JUZ-interne vegane und vegetarische Kochkurse. Au\u00dferdem bekocht die K\u00fcchen-Fachschaft bei zahlreichen Veranstaltungen im JUZ Helfer_innen und Bands. Habt ihr Fragen oder wollt bei der K\u00fcchen-Fachschaft mitmachen? Dann schreibt uns an kuechen(minus)fachschaft(\u00e4tt)juz(minus)mannheim(punkt)de<\/p>\n","protected":false},"author":1,"featured_media":0,"parent":137,"menu_order":7,"comment_status":"closed","ping_status":"closed","template":"","meta":{"footnotes":""},"class_list":["post-98","page","type-page","status-publish","hentry"],"translation":{"provider":"WPGlobus","version":"3.0.2","language":"en","enabled_languages":["de","en"],"languages":{"de":{"title":true,"content":true,"excerpt":false},"en":{"title":false,"content":false,"excerpt":false}}},"_links":{"self":[{"href":"https:\/\/juz-mannheim.de\/en\/wp-json\/wp\/v2\/pages\/98","targetHints":{"allow":["GET"]}}],"collection":[{"href":"https:\/\/juz-mannheim.de\/en\/wp-json\/wp\/v2\/pages"}],"about":[{"href":"https:\/\/juz-mannheim.de\/en\/wp-json\/wp\/v2\/types\/page"}],"author":[{"embeddable":true,"href":"https:\/\/juz-mannheim.de\/en\/wp-json\/wp\/v2\/users\/1"}],"replies":[{"embeddable":true,"href":"https:\/\/juz-mannheim.de\/en\/wp-json\/wp\/v2\/comments?post=98"}],"version-history":[{"count":9,"href":"https:\/\/juz-mannheim.de\/en\/wp-json\/wp\/v2\/pages\/98\/revisions"}],"predecessor-version":[{"id":4052,"href":"https:\/\/juz-mannheim.de\/en\/wp-json\/wp\/v2\/pages\/98\/revisions\/4052"}],"up":[{"embeddable":true,"href":"https:\/\/juz-mannheim.de\/en\/wp-json\/wp\/v2\/pages\/137"}],"wp:attachment":[{"href":"https:\/\/juz-mannheim.de\/en\/wp-json\/wp\/v2\/media?parent=98"}],"curies":[{"name":"wp","href":"https:\/\/api.w.org\/{rel}","templated":true}]}}