{"id":77,"date":"2012-08-16T16:20:23","date_gmt":"2012-08-16T14:20:23","guid":{"rendered":"http:\/\/juz-mannheim.de\/juz\/?page_id=77"},"modified":"2016-06-06T10:40:07","modified_gmt":"2016-06-06T08:40:07","slug":"forderverein","status":"publish","type":"page","link":"https:\/\/juz-mannheim.de\/en\/uber-uns\/forderverein\/","title":{"rendered":"F\u00f6rderverein"},"content":{"rendered":"<h4 style=\"text-align: justify;\">Unterst\u00fctze das JUZ und werde Mitglied im F\u00f6rderverein!<\/h4>\n<p align=\"JUSTIFY\"><a href=\"http:\/\/juz-mannheim.de\/?attachment_id=796\" rel=\"attachment wp-att-796\"><img loading=\"lazy\" decoding=\"async\" class=\"alignleft  wp-image-796\" alt=\"money1\" src=\"http:\/\/juz-mannheim.de\/wp-content\/uploads\/2012\/08\/money1-e1389612965527.jpg\" width=\"180\" height=\"250\" \/><\/a><\/p>\n<style type=\"text\/css\"><!--\np { margin-bottom: 0.25cm; line-height: 120%; }a:link {  }\n--><\/style>\n<p style=\"text-align: left;\" align=\"justify\"><span style=\"text-decoration: underline;\"><strong>I<\/strong><strong>hr habt 2 M\u00f6glichkeiten, uns zu unterst\u00fctzen:<\/strong><\/span><\/p>\n<ul style=\"text-align: left;\">\n<li>Mit einer einmaligen Spende (Spendenquittung auf Wunsch)<\/li>\n<li>Mit einer langfristigen F\u00f6rdermitgliedschaft (H\u00f6he je nach Verdienst, Selbst\u00fcberweisung oder Lastschrift m\u00f6glich).<\/li>\n<\/ul>\n<p style=\"text-align: left;\" align=\"justify\">Alle Details findest du im folgenden Spendenformular (Bitte downloaden, vollst\u00e4ndig ausf\u00fcllen und dann speichern! Alternativ: ausdrucken und per Hand ausf\u00fcllen):<b> <\/b><\/p>\n<p style=\"text-align: left;\" align=\"LEFT\"><strong>\u00bb <a href=\"http:\/\/juz-mannheim.de\/wp-content\/uploads\/2014\/02\/F\u00f6rderverein_Flyer_interaktiv.pdf\" target=\"_blank\">Spenden-\/Beitrittsformular<\/a><\/strong> (PDF)<\/p>\n<table width=\"529\" border=\"1\" cellspacing=\"0\" cellpadding=\"4\">\n<tbody>\n<tr>\n<td valign=\"TOP\" width=\"519\">Spendenkonto:<strong>F\u00f6rderverein f\u00fcr ein <\/strong><strong>Jugendzentrum in Selbstverwaltung Mannheim e.V<\/strong>IBAN: DE36 6705 0505 0038 5817 83<\/p>\n<p>BIC: MANSDE66XXX<\/p>\n<p>Sparkasse Rhein Neckar Nord<\/p>\n<p>Gl\u00e4ubiger-ID: DE93 0010 0000 9050 51<\/td>\n<\/tr>\n<\/tbody>\n<\/table>\n<p>&nbsp;<\/p>\n<p style=\"text-align: left;\"><span style=\"color: #020202;\"><span style=\"font-family: Arial,sans-serif;\"><span style=\"font-size: medium;\">Der F\u00f6rderverein bem\u00fcht sich um die finanzielle Unterst\u00fctzung des JUZ &#8216;Friedrich D\u00fcrr&#8217; Mannheim. Gegr\u00fcndet wurde der F\u00f6rderverein 2006, als aufgrund der K\u00fcrzung der st\u00e4dtischen Zusch\u00fcsse verschiedene Juz-Projekte vor dem finanziellen Aus standen bzw. gar nicht erst realisiert werden konnten. Die Idee besteht darin, dass sowohl aktuelle als auch ehemalige Juz-Aktive sowie Unterst\u00fctzer_innen und Sympathisant_innen in Form von Spenden einen Beitrag zur Aufrechterhaltung des Juz-Betriebs leisten k\u00f6nnen.<\/span><\/span><\/span><\/p>\n<p style=\"text-align: left;\"><span style=\"color: #020202;\"><span style=\"font-family: Arial,sans-serif;\"><span style=\"font-size: medium;\">Mittlerweile hat sich die finanzielle Situation des Juz Mannheim etwas entspannt und der F\u00f6rderverein konzentriert sich mit den frei gewordenen M\u00f6glichkeiten auf die Unterst\u00fctzung laufender und geplanter Projekte. So werden bspw. der kostenlose Sprachkurse f\u00fcr Fl\u00fcchtlinge oder auch die Fahrradwerkstatt u.a. durch Mittel des F\u00f6rdervereins finanziert. Da wir die Gelder recht flexibel handhaben k\u00f6nnen, haben wir dar\u00fcber hinaus die M\u00f6glichkeit, auf kurzfristige Ver\u00e4nderungen zu reagieren: So werden z.B. verbilligte Eintritts- und Getr\u00e4nkepreise sowie teils kostenloses Essen f\u00fcr Menschen ohne bzw. mit geringen finanziellen Mitteln \u2013 in letzter Zeit in erster Linie Fl\u00fcchtlinge \u2013 durch uns mit erm\u00f6glicht. <\/span><\/span><\/span><\/p>\n<p style=\"text-align: left;\"><span style=\"color: #020202;\"><span style=\"font-family: Arial,sans-serif;\"><span style=\"font-size: medium;\">\u00dcber die Verteilung und Nutzung der Gelder entscheidet im Rahmen der Selbstverwaltung die Vollversammlung (VV), in Form der dreimal j\u00e4hrlich stattfindenden Finanz-VV. Dementsprechend findet auch dreimal im Jahr eine F\u00f6rdervereinssitzung statt, zu der alle Mitglieder eingeladen sind. Hier werden, neben der H\u00f6he der Gelder, die der Finanz-VV von uns zur Verf\u00fcgung gestellt werden, die Aktivit\u00e4ten des F\u00f6rdervereins, wie z.B. Sommerfeste, Jahresabschlussfeiern, Grillen, Infostand beim Max-Joseph-Stra\u00dfenfest etc. geplant. <\/span><\/span><\/span><\/p>\n<p style=\"text-align: left;\"><span style=\"color: #020202;\"><span style=\"font-family: Arial,sans-serif;\"><span style=\"font-size: medium;\">Wenn ihr also gerne sinnvolle Projekte im Juz Mannheim unterst\u00fctzen wollt oder einfach die Idee eines selbstverwalteten Jugendzentrums gut findet, aber wenig Zeit habt, euch aktiv einzubringen, w\u00fcrden wir uns \u00fcber euer Interesse am F\u00f6rderverein freuen!<\/span><\/span><\/span><\/p>\n<address style=\"text-align: left;\"><strong>Kontakt zum F\u00f6rderverein: \u00a0 \u00a0 \u00a0foerderverein(at)juz-mannheim.de<\/strong><\/address>\n<address style=\"text-align: left;\"><strong>Postanschrift:\u00a0\u00a0 Postfach 12 19 65<\/strong><br \/>\n<strong>\u00a0\u00a0\u00a0\u00a0\u00a0\u00a0\u00a0\u00a0\u00a0\u00a0\u00a0\u00a0\u00a0\u00a0\u00a0\u00a0\u00a0\u00a0\u00a0\u00a0\u00a0\u00a0\u00a0\u00a0 68070 Mannheim<\/strong><\/address>\n<p style=\"text-align: left;\">\n","protected":false},"excerpt":{"rendered":"<p>Unterst\u00fctze das JUZ und werde Mitglied im F\u00f6rderverein! Ihr habt 2 M\u00f6glichkeiten, uns zu unterst\u00fctzen: Mit einer einmaligen Spende (Spendenquittung auf Wunsch) Mit einer langfristigen F\u00f6rdermitgliedschaft (H\u00f6he je nach Verdienst, Selbst\u00fcberweisung oder Lastschrift m\u00f6glich). Alle Details findest du im folgenden Spendenformular (Bitte downloaden, vollst\u00e4ndig ausf\u00fcllen und dann speichern! Alternativ: ausdrucken und per Hand ausf\u00fcllen): \u00bb Spenden-\/Beitrittsformular (PDF) Spendenkonto:F\u00f6rderverein f\u00fcr ein Jugendzentrum in Selbstverwaltung Mannheim e.VIBAN: DE36 6705 0505 0038 5817 83 BIC: MANSDE66XXX Sparkasse Rhein Neckar Nord Gl\u00e4ubiger-ID: DE93 0010 0000 9050 51 &nbsp; Der F\u00f6rderverein bem\u00fcht sich um die finanzielle Unterst\u00fctzung des JUZ &#8216;Friedrich D\u00fcrr&#8217; Mannheim. Gegr\u00fcndet wurde der<\/p>\n<p><a class=\"excerpt-more blog-excerpt\" href=\"https:\/\/juz-mannheim.de\/en\/uber-uns\/forderverein\/\">&#8230;mehr<\/a><\/p>\n","protected":false},"author":1,"featured_media":796,"parent":43,"menu_order":1,"comment_status":"closed","ping_status":"closed","template":"","meta":{"footnotes":""},"class_list":["post-77","page","type-page","status-publish","has-post-thumbnail","hentry"],"translation":{"provider":"WPGlobus","version":"3.0.2","language":"en","enabled_languages":["de","en"],"languages":{"de":{"title":true,"content":true,"excerpt":false},"en":{"title":false,"content":false,"excerpt":false}}},"_links":{"self":[{"href":"https:\/\/juz-mannheim.de\/en\/wp-json\/wp\/v2\/pages\/77","targetHints":{"allow":["GET"]}}],"collection":[{"href":"https:\/\/juz-mannheim.de\/en\/wp-json\/wp\/v2\/pages"}],"about":[{"href":"https:\/\/juz-mannheim.de\/en\/wp-json\/wp\/v2\/types\/page"}],"author":[{"embeddable":true,"href":"https:\/\/juz-mannheim.de\/en\/wp-json\/wp\/v2\/users\/1"}],"replies":[{"embeddable":true,"href":"https:\/\/juz-mannheim.de\/en\/wp-json\/wp\/v2\/comments?post=77"}],"version-history":[{"count":57,"href":"https:\/\/juz-mannheim.de\/en\/wp-json\/wp\/v2\/pages\/77\/revisions"}],"predecessor-version":[{"id":80,"href":"https:\/\/juz-mannheim.de\/en\/wp-json\/wp\/v2\/pages\/77\/revisions\/80"}],"up":[{"embeddable":true,"href":"https:\/\/juz-mannheim.de\/en\/wp-json\/wp\/v2\/pages\/43"}],"wp:featuredmedia":[{"embeddable":true,"href":"https:\/\/juz-mannheim.de\/en\/wp-json\/wp\/v2\/media\/796"}],"wp:attachment":[{"href":"https:\/\/juz-mannheim.de\/en\/wp-json\/wp\/v2\/media?parent=77"}],"curies":[{"name":"wp","href":"https:\/\/api.w.org\/{rel}","templated":true}]}}