{"id":69,"date":"2012-08-16T16:05:08","date_gmt":"2012-08-16T14:05:08","guid":{"rendered":"http:\/\/juz-mannheim.de\/juz\/?page_id=69"},"modified":"2013-01-22T16:45:19","modified_gmt":"2013-01-22T15:45:19","slug":"friedrich-durr","status":"publish","type":"page","link":"https:\/\/juz-mannheim.de\/en\/uber-uns\/friedrich-durr\/","title":{"rendered":"Warum tr\u00e4gt das JUZ den Namen FRIEDRICH D\u00dcRR?"},"content":{"rendered":"<div id=\"attachment_699\" style=\"width: 310px\" class=\"wp-caption alignleft\"><a href=\"http:\/\/juz-mannheim.de\/?attachment_id=699\" rel=\"attachment wp-att-699\"><img loading=\"lazy\" decoding=\"async\" aria-describedby=\"caption-attachment-699\" class=\"size-medium wp-image-699\" alt=\"Friedrich D\u00fcrr\" src=\"http:\/\/juz-mannheim.de\/wp-content\/uploads\/2012\/08\/friedrich1-300x300.jpg\" width=\"300\" height=\"300\" srcset=\"https:\/\/juz-mannheim.de\/wp-content\/uploads\/2012\/08\/friedrich1-300x300.jpg 300w, https:\/\/juz-mannheim.de\/wp-content\/uploads\/2012\/08\/friedrich1-150x150.jpg 150w, https:\/\/juz-mannheim.de\/wp-content\/uploads\/2012\/08\/friedrich1.jpg 403w\" sizes=\"auto, (max-width: 300px) 100vw, 300px\" \/><\/a><p id=\"caption-attachment-699\" class=\"wp-caption-text\">Spr\u00fchschablone von Friedrich D\u00fcrr an der Fassade des JUZ.<\/p><\/div>\n<p style=\"text-align: justify;\">Im Jahre 1975 berichtet Fritz Salm, Autor des Buchs \u201eIm Schatten des Henkers\u201c, im alten JUZ (O4, 8) \u00fcber den Mannheimer antifaschistischen Widerstand gegen die Naziverbrecherdiktatur. Sein Hinweis auf den Widerstandsk\u00e4mpfer D\u00fcrr f\u00fchrt zu folgendem<br \/>\nBeschluss der JUZ-Vollversammlung:<\/p>\n<p style=\"text-align: justify;\"><strong>\u201e<span style=\"font-family: Arial,sans-serif;\" data-mce-mark=\"1\"><span style=\"font-size: medium;\" data-mce-mark=\"1\">Nicht etwa, um einen Helden zu ehren, sondern in dem Bewusstsein, dass der Kampf gegen die Kr\u00e4fte der Reaktion fortgef\u00fchrt werden muss, haben wir den Namen des Mannheimer Maschinenschlossers &#8216;Friedrich D\u00fcrr&#8217; angenommen.\u201c<\/span><\/span><\/strong><\/p>\n<p style=\"text-align: justify;\" align=\"LEFT\"><span style=\"font-family: Arial,sans-serif;\"><span style=\"font-size: medium;\">Wegen seiner Auflehnung gegen den Faschismus wurde Friedrich D\u00fcrr 1935 verhaftet und in das Konzentrationslager Dachau verschleppt. Doch selbst in der Gefangenschaft war er weiter aktiv. Ma\u00dfgeblich beteilgt war er am Dachauer Aufstand, der die SS erfolgreich daran hinderte 30.000 H\u00e4ftlinge kurz vor ihrer Befreiung durch die Alliierten zu deportieren und zu ermorden.<\/span><\/span><\/p>\n<p style=\"text-align: justify;\" align=\"LEFT\"><span style=\"font-family: Arial,sans-serif;\"><span style=\"font-size: medium;\">Der Name &#8216;Friedrich D\u00fcrr&#8217; soll daran erinnern, dass konsequenter und unbeugsamer Antifaschismus trotz erbarmungsloser Unterdr\u00fcckung und Repression durch die Nationalsozialisten existierte und dass dieser nach wie vor notwendig ist.<\/span><\/span><\/p>\n<p>&nbsp;<\/p>\n","protected":false},"excerpt":{"rendered":"<p>Im Jahre 1975 berichtet Fritz Salm, Autor des Buchs \u201eIm Schatten des Henkers\u201c, im alten JUZ (O4, 8) \u00fcber den Mannheimer antifaschistischen Widerstand gegen die Naziverbrecherdiktatur. Sein Hinweis auf den Widerstandsk\u00e4mpfer D\u00fcrr f\u00fchrt zu folgendem Beschluss der JUZ-Vollversammlung: \u201eNicht etwa, um einen Helden zu ehren, sondern in dem Bewusstsein, dass der Kampf gegen die Kr\u00e4fte der Reaktion fortgef\u00fchrt werden muss, haben wir den Namen des Mannheimer Maschinenschlossers &#8216;Friedrich D\u00fcrr&#8217; angenommen.\u201c Wegen seiner Auflehnung gegen den Faschismus wurde Friedrich D\u00fcrr 1935 verhaftet und in das Konzentrationslager Dachau verschleppt. Doch selbst in der Gefangenschaft war er weiter aktiv. Ma\u00dfgeblich beteilgt war er<\/p>\n<p><a class=\"excerpt-more blog-excerpt\" href=\"https:\/\/juz-mannheim.de\/en\/uber-uns\/friedrich-durr\/\">&#8230;mehr<\/a><\/p>\n","protected":false},"author":1,"featured_media":0,"parent":43,"menu_order":3,"comment_status":"closed","ping_status":"closed","template":"","meta":{"footnotes":""},"class_list":["post-69","page","type-page","status-publish","hentry"],"translation":{"provider":"WPGlobus","version":"3.0.2","language":"en","enabled_languages":["de","en"],"languages":{"de":{"title":true,"content":true,"excerpt":false},"en":{"title":false,"content":false,"excerpt":false}}},"_links":{"self":[{"href":"https:\/\/juz-mannheim.de\/en\/wp-json\/wp\/v2\/pages\/69","targetHints":{"allow":["GET"]}}],"collection":[{"href":"https:\/\/juz-mannheim.de\/en\/wp-json\/wp\/v2\/pages"}],"about":[{"href":"https:\/\/juz-mannheim.de\/en\/wp-json\/wp\/v2\/types\/page"}],"author":[{"embeddable":true,"href":"https:\/\/juz-mannheim.de\/en\/wp-json\/wp\/v2\/users\/1"}],"replies":[{"embeddable":true,"href":"https:\/\/juz-mannheim.de\/en\/wp-json\/wp\/v2\/comments?post=69"}],"version-history":[{"count":26,"href":"https:\/\/juz-mannheim.de\/en\/wp-json\/wp\/v2\/pages\/69\/revisions"}],"predecessor-version":[{"id":215,"href":"https:\/\/juz-mannheim.de\/en\/wp-json\/wp\/v2\/pages\/69\/revisions\/215"}],"up":[{"embeddable":true,"href":"https:\/\/juz-mannheim.de\/en\/wp-json\/wp\/v2\/pages\/43"}],"wp:attachment":[{"href":"https:\/\/juz-mannheim.de\/en\/wp-json\/wp\/v2\/media?parent=69"}],"curies":[{"name":"wp","href":"https:\/\/api.w.org\/{rel}","templated":true}]}}