{"id":64,"date":"2012-08-16T15:57:26","date_gmt":"2012-08-16T13:57:26","guid":{"rendered":"http:\/\/juz-mannheim.de\/juz\/?page_id=64"},"modified":"2020-10-22T11:13:33","modified_gmt":"2020-10-22T09:13:33","slug":"fachschaft-fur-politische-bildung","status":"publish","type":"page","link":"https:\/\/juz-mannheim.de\/en\/fachschaften\/fachschaft-fur-politische-bildung\/","title":{"rendered":"Fachschaft f\u00fcr politische Bildung"},"content":{"rendered":"<p style=\"text-align: justify;\" align=\"JUSTIFY\"><span style=\"font-family: Arial,sans-serif;\"><img loading=\"lazy\" decoding=\"async\" class=\"alignleft\" src=\"http:\/\/juz-mannheim.de\/Bilder\/demo.jpg\" alt=\"http:\/\/juz-mannheim.de\/Bilder\/demo.jpg\" width=\"350\" height=\"277\" \/>In der Fachschaft f\u00fcr politische Bildung schlie\u00dfen sich politische Gruppen zusammen, um effektiver arbeiten zu k\u00f6nnen. Die Fachschaft organisiert einmal im Monat das Offene Antifa Treffen, au\u00dferdem Vortr\u00e4ge, Partys und Aktionen. Die Gruppen sind politisch voneinander unabh\u00e4ngig, vernetzen sich \u00fcber die Fachschaft und f\u00fchren je nach Anlass eigenst\u00e4ndig oder gemeinsam Aktionen durch.<\/span><\/p>\n<p style=\"text-align: justify;\" align=\"JUSTIFY\"><span style=\"font-family: Arial,sans-serif;\">Aktuell sind in der Fachschaft f\u00fcr politische Bildung folgende Gruppen organisiert:<\/span><\/p>\n<p style=\"text-align: justify;\" align=\"JUSTIFY\"><a href=\"https:\/\/juz-mannheim.de\/input-mannheim\/\">Input Mannheim<\/a><\/p>\n<p align=\"JUSTIFY\">Feminist Action<\/p>\n<p align=\"JUSTIFY\"><a href=\"https:\/\/juz-mannheim.de\/angebote\/offenes-antifa-treffen\/\">Vorbereitungskreis Offenes Antifa Treffen<\/a><\/p>\n<h5 style=\"text-align: justify;\"><\/h5>\n<h5 style=\"text-align: justify;\"><\/h5>\n<h5 style=\"text-align: justify;\"><span style=\"font-family: Arial,sans-serif;\">\u00a0<\/span><\/h5>\n","protected":false},"excerpt":{"rendered":"<p>In der Fachschaft f\u00fcr politische Bildung schlie\u00dfen sich politische Gruppen zusammen, um effektiver arbeiten zu k\u00f6nnen. Die Fachschaft organisiert einmal im Monat das Offene Antifa Treffen, au\u00dferdem Vortr\u00e4ge, Partys und Aktionen. Die Gruppen sind politisch voneinander unabh\u00e4ngig, vernetzen sich \u00fcber die Fachschaft und f\u00fchren je nach Anlass eigenst\u00e4ndig oder gemeinsam Aktionen durch. Aktuell sind in der Fachschaft f\u00fcr politische Bildung folgende Gruppen organisiert: Input Mannheim Feminist Action Vorbereitungskreis Offenes Antifa Treffen \u00a0<\/p>\n","protected":false},"author":1,"featured_media":366,"parent":137,"menu_order":5,"comment_status":"closed","ping_status":"closed","template":"","meta":{"footnotes":""},"class_list":["post-64","page","type-page","status-publish","has-post-thumbnail","hentry"],"translation":{"provider":"WPGlobus","version":"3.0.2","language":"en","enabled_languages":["de","en"],"languages":{"de":{"title":true,"content":true,"excerpt":false},"en":{"title":false,"content":false,"excerpt":false}}},"_links":{"self":[{"href":"https:\/\/juz-mannheim.de\/en\/wp-json\/wp\/v2\/pages\/64","targetHints":{"allow":["GET"]}}],"collection":[{"href":"https:\/\/juz-mannheim.de\/en\/wp-json\/wp\/v2\/pages"}],"about":[{"href":"https:\/\/juz-mannheim.de\/en\/wp-json\/wp\/v2\/types\/page"}],"author":[{"embeddable":true,"href":"https:\/\/juz-mannheim.de\/en\/wp-json\/wp\/v2\/users\/1"}],"replies":[{"embeddable":true,"href":"https:\/\/juz-mannheim.de\/en\/wp-json\/wp\/v2\/comments?post=64"}],"version-history":[{"count":32,"href":"https:\/\/juz-mannheim.de\/en\/wp-json\/wp\/v2\/pages\/64\/revisions"}],"predecessor-version":[{"id":4033,"href":"https:\/\/juz-mannheim.de\/en\/wp-json\/wp\/v2\/pages\/64\/revisions\/4033"}],"up":[{"embeddable":true,"href":"https:\/\/juz-mannheim.de\/en\/wp-json\/wp\/v2\/pages\/137"}],"wp:featuredmedia":[{"embeddable":true,"href":"https:\/\/juz-mannheim.de\/en\/wp-json\/wp\/v2\/media\/366"}],"wp:attachment":[{"href":"https:\/\/juz-mannheim.de\/en\/wp-json\/wp\/v2\/media?parent=64"}],"curies":[{"name":"wp","href":"https:\/\/api.w.org\/{rel}","templated":true}]}}