{"id":595,"date":"2013-01-04T05:54:03","date_gmt":"2013-01-04T04:54:03","guid":{"rendered":"http:\/\/juz-mannheim.de\/juz\/?page_id=595"},"modified":"2013-02-07T14:46:38","modified_gmt":"2013-02-07T13:46:38","slug":"das-konzept-selbstverwaltung","status":"publish","type":"page","link":"https:\/\/juz-mannheim.de\/en\/uber-uns\/das-konzept-selbstverwaltung\/","title":{"rendered":"Das Konzept Selbstverwaltung"},"content":{"rendered":"<p><a href=\"http:\/\/juz-mannheim.de\/?attachment_id=818\" rel=\"attachment wp-att-818\"><img loading=\"lazy\" decoding=\"async\" class=\"alignleft\" alt=\"selbstverwaltung\" src=\"http:\/\/juz-mannheim.de\/wp-content\/uploads\/2013\/01\/selbstverwaltung4.jpg\" width=\"378\" height=\"502\" \/><\/a>Das Jugendzentrum in Selbstverwaltung &#8216;Friedrich D\u00fcrr&#8217; (JUZ) in der Neckarstadt ist Anlaufstelle f\u00fcr Jugendliche und junge Erwachsene ab 14 Jahren, die eigenverantwortlich Ideen und Interessen in einem demokratisch selbstverwalteten Rahmen verwirklichen wollen.<\/p>\n<p>D.h. Ausgangspunkt sind junge Menschen, die gem\u00e4\u00df ihren F\u00e4higkeiten, Bed\u00fcrfnissen und Interessen den Raum und das Angebot im JUZ selbst gestalten. Das JUZ entstand im Zuge der Jugendhausbewegung Mitte der 70er Jahre und zeichnet sich seit 39 Jahren als Raum f\u00fcr Partizipation, Vielfalt, Kommunikation und Kreativit\u00e4t auf der Grundlage antifaschistischer, antirassistischer und antisexistischer Werte aus.<\/p>\n<p>Tr\u00e4ger des JUZ ist der Tr\u00e4gerverein f\u00fcr ein Jugendzentrum in Selbstverwaltung e.V., mit dem konzeptionellen Schwerpunkt demokratischer Selbstverwaltung.<\/p>\n<p>Nach der rechtlichen Grundlage in \u00a711 SGB VIII\/ KJHG sollen Angebote der Jugendarbeit &#8220;an den Interessen junger Menschen ankn\u00fcpfen und von ihnen mitbestimmt und mitgestaltet werden, sie zur Selbstbestimmung bef\u00e4higen und zu gesellschaftlicher Mitverantwortung und zu sozialem Engagement anregen und hinf\u00fchren.&#8221; Das Konzept der Selbstverwaltung erm\u00f6glicht jungen Menschen den direkten Erfahrungsraum einer alters- und bed\u00fcrfnisgerechten, aktiven Mitgestaltung ihres Lebensumfeldes und gesellschaftlichen Terrains. Sie erproben ihre F\u00e4higkeiten, setzten eigene Ideen um, entdecken Grenzen, lernen voneinander, setzten sich miteinander auseinander, lernen Kritik zu \u00fcben und auszuhalten.<\/p>\n<p>Konstituierendes Element der Selbstverwaltung ist das ehrenamtliche Engagement junger Menschen. Einmal w\u00f6chentlich treffen sich alle Aktiven zur Vollversammlung, um Regeln auszuhandeln, sich \u00fcber gemeinsame Interessen oder Konflikte zu verst\u00e4ndigen und verbindliche Entscheidungen im Konsens zu treffen. Neben der Organisation und Durchf\u00fchrung einer breiten Palette offener Angebote umfasst das Engagement auch alle sonstigen Aufgaben im JUZ von Putzdiensten bis zu Verwaltungsaufgaben. Daf\u00fcr fallen durchschnittlich etwa 20 Stunden unentgeltliche Arbeit pro Tag an.<\/p>\n<h5>Ziele:<\/h5>\n<ul>\n<li>Partizipation und Mitbestimmung<\/li>\n<li>Kulturarbeit<\/li>\n<li>nicht-konsumorientierte, eigenverantwortliche Freizeitgestaltung<\/li>\n<li>Raum zur Umsetzung kreativer Ideen und eigener Interessen<\/li>\n<li>F\u00f6rderung sozialen Engagements und sozialer Kompetenzen<\/li>\n<li>Interesse wecken an einer kritischen Auseinandersetzung mit gesellschaftspolitischen Themen<\/li>\n<li>Mitwirkung an einer politischer Interessensvertretung<\/li>\n<li>au\u00dferschulische Bildung durch Workshops, Kurse und Angebote<\/li>\n<li>Treffpunkt und Veranstaltungsort (auch f\u00fcr Initiativen und Gruppen von au\u00dfen)<\/li>\n<\/ul>\n","protected":false},"excerpt":{"rendered":"<p>Das Jugendzentrum in Selbstverwaltung &#8216;Friedrich D\u00fcrr&#8217; (JUZ) in der Neckarstadt ist Anlaufstelle f\u00fcr Jugendliche und junge Erwachsene ab 14 Jahren, die eigenverantwortlich Ideen und Interessen in einem demokratisch selbstverwalteten Rahmen verwirklichen wollen. D.h. Ausgangspunkt sind junge Menschen, die gem\u00e4\u00df ihren F\u00e4higkeiten, Bed\u00fcrfnissen und Interessen den Raum und das Angebot im JUZ selbst gestalten. Das JUZ entstand im Zuge der Jugendhausbewegung Mitte der 70er Jahre und zeichnet sich seit 39 Jahren als Raum f\u00fcr Partizipation, Vielfalt, Kommunikation und Kreativit\u00e4t auf der Grundlage antifaschistischer, antirassistischer und antisexistischer Werte aus. Tr\u00e4ger des JUZ ist der Tr\u00e4gerverein f\u00fcr ein Jugendzentrum in Selbstverwaltung e.V., mit<\/p>\n<p><a class=\"excerpt-more blog-excerpt\" href=\"https:\/\/juz-mannheim.de\/en\/uber-uns\/das-konzept-selbstverwaltung\/\">&#8230;mehr<\/a><\/p>\n","protected":false},"author":1,"featured_media":0,"parent":43,"menu_order":0,"comment_status":"closed","ping_status":"closed","template":"","meta":{"footnotes":""},"class_list":["post-595","page","type-page","status-publish","hentry"],"translation":{"provider":"WPGlobus","version":"3.0.2","language":"en","enabled_languages":["de","en"],"languages":{"de":{"title":true,"content":true,"excerpt":false},"en":{"title":false,"content":false,"excerpt":false}}},"_links":{"self":[{"href":"https:\/\/juz-mannheim.de\/en\/wp-json\/wp\/v2\/pages\/595","targetHints":{"allow":["GET"]}}],"collection":[{"href":"https:\/\/juz-mannheim.de\/en\/wp-json\/wp\/v2\/pages"}],"about":[{"href":"https:\/\/juz-mannheim.de\/en\/wp-json\/wp\/v2\/types\/page"}],"author":[{"embeddable":true,"href":"https:\/\/juz-mannheim.de\/en\/wp-json\/wp\/v2\/users\/1"}],"replies":[{"embeddable":true,"href":"https:\/\/juz-mannheim.de\/en\/wp-json\/wp\/v2\/comments?post=595"}],"version-history":[{"count":11,"href":"https:\/\/juz-mannheim.de\/en\/wp-json\/wp\/v2\/pages\/595\/revisions"}],"predecessor-version":[{"id":602,"href":"https:\/\/juz-mannheim.de\/en\/wp-json\/wp\/v2\/pages\/595\/revisions\/602"}],"up":[{"embeddable":true,"href":"https:\/\/juz-mannheim.de\/en\/wp-json\/wp\/v2\/pages\/43"}],"wp:attachment":[{"href":"https:\/\/juz-mannheim.de\/en\/wp-json\/wp\/v2\/media?parent=595"}],"curies":[{"name":"wp","href":"https:\/\/api.w.org\/{rel}","templated":true}]}}