{"id":4613,"date":"2023-08-21T18:40:13","date_gmt":"2023-08-21T16:40:13","guid":{"rendered":"https:\/\/juz-mannheim.de\/?page_id=4613"},"modified":"2023-08-21T18:45:15","modified_gmt":"2023-08-21T16:45:15","slug":"tischtennis-fachschaft","status":"publish","type":"page","link":"https:\/\/juz-mannheim.de\/en\/tischtennis-fachschaft\/","title":{"rendered":"Tischtennis-Fachschaft"},"content":{"rendered":"\n<p>Die Tischtennisfachschaft trifft sich regelm\u00e4\u00dfig um Tischtennis zu trainieren und spielen. Au\u00dferdem k\u00fcmmert sie sich um die Instandhaltung und Anschaffung von Platten, Netzen, Schl\u00e4gern und was man noch so braucht um Tischtennis spielen zu k\u00f6nnen. Aktuelle Infos unten:<\/p>\n\n\n\n<p>+++ Es ist soweit!<\/p>\n\n\n\n<p>Am 09.09.2023 veranstaltet die Tischtennis-Fachschaft des JUZ-Mannheim ab 12:00 Uhr das<\/p>\n\n\n\n<p><strong>erste antifaschistische Tischtennistunier<\/strong>.<\/p>\n\n\n\n<p>Die Spiele finden auf 3 Platten im Innenbereich statt. Alle spielen die Vorrunde. Danach werden die Teilnehmer*innen je nach Ergebnis auf 2 Hauptrunden mit K.O.-System aufgeteilt, so dass die Spieler*innen auf Gegner*innen mit \u00e4hnlichem Spielniveau treffen.<\/p>\n\n\n\n<p>Selbstverst\u00e4ndlich gibt es f\u00fcr die ersten drei Pl\u00e4tze auch kleine Gewinne.<\/p>\n\n\n\n<p>Meldet euch an unter:<\/p>\n\n\n\n<p><a href=\"mailto:tischtennisfachschaft@juz-mannheim.de\">tischtennisfachschaft@juz-mannheim.de<\/a><\/p>\n\n\n\n<p>Folgende Regeln sind zu beachten:<\/p>\n\n\n\n<p>&#8211; Aufschl\u00e4ge m\u00fcssen hinter der Grundlinie erfolgen<\/p>\n\n\n\n<p>&#8211; ab der Hauptrunde m\u00fcssen die B\u00e4lle bei den Fortgeschrittenen zum Aufschlag regelkonform hochgeworfen werden<\/p>\n\n\n\n<p>&#8211; Fairplay-Regeln sind zu beachten (z.B. Entschuldigung bei Netzrollern und Kantenb\u00e4llen,\u2026)<\/p>\n\n\n\n<p>&#8211; ber\u00fchrt der Ball die Decke gilt dies als Fehler (die Deckenh\u00f6he k\u00f6nnen wir leider nicht ver\u00e4ndern)<\/p>\n\n\n\n<p>&#8211; wir bitten um ein Oberteil in dunkler Farbe<\/p>\n\n\n\n<p>&#8211; es wird mit unseren B\u00e4llen gespielt, eigene Schl\u00e4ger d\u00fcrft ihr gerne mitbringen und benutzen<\/p>\n\n\n\n<p>&#8211; Ausleihschl\u00e4ger werden an jeder Platte vorhanden sein<\/p>\n\n\n\n<p>Danach ist die Bar weiter ge\u00f6ffnet und die Sieger*innen werden geb\u00fchrend gefeiert!<\/p>\n\n\n\n<p>Wir freuen uns auf euer Kommen! +++<\/p>\n\n\n\n<figure class=\"wp-block-image size-full\"><img loading=\"lazy\" decoding=\"async\" width=\"2745\" height=\"3370\" src=\"https:\/\/juz-mannheim.de\/wp-content\/uploads\/2023\/08\/SW-cs.png\" alt=\"\" class=\"wp-image-4618\" srcset=\"https:\/\/juz-mannheim.de\/wp-content\/uploads\/2023\/08\/SW-cs.png 2745w, https:\/\/juz-mannheim.de\/wp-content\/uploads\/2023\/08\/SW-cs-244x300.png 244w, https:\/\/juz-mannheim.de\/wp-content\/uploads\/2023\/08\/SW-cs-768x943.png 768w, https:\/\/juz-mannheim.de\/wp-content\/uploads\/2023\/08\/SW-cs-1251x1536.png 1251w, https:\/\/juz-mannheim.de\/wp-content\/uploads\/2023\/08\/SW-cs-1668x2048.png 1668w\" sizes=\"auto, (max-width: 2745px) 100vw, 2745px\" \/><\/figure>\n","protected":false},"excerpt":{"rendered":"<p>Die Tischtennisfachschaft trifft sich regelm\u00e4\u00dfig um Tischtennis zu trainieren und spielen. Au\u00dferdem k\u00fcmmert sie sich um die Instandhaltung und Anschaffung von Platten, Netzen, Schl\u00e4gern und was man noch so braucht um Tischtennis spielen zu k\u00f6nnen. Aktuelle Infos unten: +++ Es ist soweit! Am 09.09.2023 veranstaltet die Tischtennis-Fachschaft des JUZ-Mannheim ab 12:00 Uhr das erste antifaschistische Tischtennistunier. Die Spiele finden auf 3 Platten im Innenbereich statt. Alle spielen die Vorrunde. Danach werden die Teilnehmer*innen je nach Ergebnis auf 2 Hauptrunden mit K.O.-System aufgeteilt, so dass die Spieler*innen auf Gegner*innen mit \u00e4hnlichem Spielniveau treffen. Selbstverst\u00e4ndlich gibt es f\u00fcr die ersten drei Pl\u00e4tze<\/p>\n<p><a class=\"excerpt-more blog-excerpt\" href=\"https:\/\/juz-mannheim.de\/en\/tischtennis-fachschaft\/\">&#8230;mehr<\/a><\/p>\n","protected":false},"author":1,"featured_media":0,"parent":0,"menu_order":0,"comment_status":"closed","ping_status":"closed","template":"","meta":{"footnotes":""},"class_list":["post-4613","page","type-page","status-publish","hentry"],"translation":{"provider":"WPGlobus","version":"3.0.2","language":"en","enabled_languages":["de","en"],"languages":{"de":{"title":true,"content":true,"excerpt":false},"en":{"title":false,"content":false,"excerpt":false}}},"_links":{"self":[{"href":"https:\/\/juz-mannheim.de\/en\/wp-json\/wp\/v2\/pages\/4613","targetHints":{"allow":["GET"]}}],"collection":[{"href":"https:\/\/juz-mannheim.de\/en\/wp-json\/wp\/v2\/pages"}],"about":[{"href":"https:\/\/juz-mannheim.de\/en\/wp-json\/wp\/v2\/types\/page"}],"author":[{"embeddable":true,"href":"https:\/\/juz-mannheim.de\/en\/wp-json\/wp\/v2\/users\/1"}],"replies":[{"embeddable":true,"href":"https:\/\/juz-mannheim.de\/en\/wp-json\/wp\/v2\/comments?post=4613"}],"version-history":[{"count":2,"href":"https:\/\/juz-mannheim.de\/en\/wp-json\/wp\/v2\/pages\/4613\/revisions"}],"predecessor-version":[{"id":4619,"href":"https:\/\/juz-mannheim.de\/en\/wp-json\/wp\/v2\/pages\/4613\/revisions\/4619"}],"wp:attachment":[{"href":"https:\/\/juz-mannheim.de\/en\/wp-json\/wp\/v2\/media?parent=4613"}],"curies":[{"name":"wp","href":"https:\/\/api.w.org\/{rel}","templated":true}]}}