{"id":4429,"date":"2023-03-02T12:07:12","date_gmt":"2023-03-02T11:07:12","guid":{"rendered":"https:\/\/juz-mannheim.de\/?page_id=4429"},"modified":"2023-04-11T12:35:13","modified_gmt":"2023-04-11T10:35:13","slug":"50-jahre-juz","status":"publish","type":"page","link":"https:\/\/juz-mannheim.de\/en\/50-jahre-juz\/","title":{"rendered":"50 Jahre JUZ!"},"content":{"rendered":"\n<figure class=\"wp-block-image size-large\"><img loading=\"lazy\" decoding=\"async\" width=\"1810\" height=\"2560\" src=\"https:\/\/juz-mannheim.de\/wp-content\/uploads\/2023\/03\/HP-scaled.jpeg\" alt=\"\" class=\"wp-image-4489\" srcset=\"https:\/\/juz-mannheim.de\/wp-content\/uploads\/2023\/03\/HP-scaled.jpeg 1810w, https:\/\/juz-mannheim.de\/wp-content\/uploads\/2023\/03\/HP-212x300.jpeg 212w, https:\/\/juz-mannheim.de\/wp-content\/uploads\/2023\/03\/HP-768x1086.jpeg 768w, https:\/\/juz-mannheim.de\/wp-content\/uploads\/2023\/03\/HP-1086x1536.jpeg 1086w, https:\/\/juz-mannheim.de\/wp-content\/uploads\/2023\/03\/HP-1448x2048.jpeg 1448w\" sizes=\"auto, (max-width: 1810px) 100vw, 1810px\" \/><\/figure>\n\n\n\n<p><strong>Geburtstagsprogramm<\/strong><br> F\u00fcr mehr Infos klickt auf die Veranstaltung oder unter:<br> <a href=\"https:\/\/juz-mannheim.de\/kalender\">https:\/\/juz-mannheim.de\/kalender<\/a><br> <a href=\"https:\/\/facebook.com\/juzmannheim\">https:\/\/facebook.com\/juzmannheim<\/a><br> <a href=\"https:\/\/instagram.de\/juzmannheim\">https:\/\/instagram.com\/juzmannheim<\/a><br> <br> 13.04. ab 20.00 Uhr<a href=\"https:\/\/juz-mannheim.de\/Veranstaltung\/pussy-gillette-we-are-the-asteroid\/?instance_id=44524\"> Konzert w\/ Pussy Gillette &amp; WE Are The Asteroid<\/a><br> 14.04. ab 21.00 Uhr <a href=\"https:\/\/juz-mannheim.de\/Veranstaltung\/electro-noise-tanzen-vol-3\/?instance_id=44523\">Electro Noise Tanzen Vol.3<\/a><br> 15.04. ab 21.00 Uhr <a href=\"https:\/\/juz-mannheim.de\/Veranstaltung\/the-final-fix-ravage-fix-abschiedstour-morra-beton-brut\/?instance_id=44540\">The Final Fix: Ravage Fix Abschiedstour + Morra+ Beton<br> Brut<\/a><br> 18.04. ab 18.00 Uhr <a href=\"https:\/\/juz-mannheim.de\/Veranstaltung\/vortrag-antifaschistische-paedagogik\/?instance_id=44526\">Vortrag \u201eAntifaschistische P\u00e4dagogik\u201c<\/a><br> 21.04. ab 19.30 Uhr <a href=\"https:\/\/juz-mannheim.de\/Veranstaltung\/the-shitskrudesubordinatechampain-death-noise-rock-hc-punk\/?instance_id=44538\">THE SHITS + KRUDE + SUBORDINATE+CHAMPAIN<br> DEATH<\/a><br> 22.04. 12.- 17.00 Uhr <a href=\"https:\/\/juz-mannheim.de\/Veranstaltung\/second-hand-markt\/?instance_id=44528\">Mode und mehr: Monnemer Second Hand Markt<\/a><br> 25.04. ab 20.00 Uhr <a href=\"https:\/\/juz-mannheim.de\/Veranstaltung\/spite-house-feverchild\/?instance_id=44522\">Spite House + Feverchild<\/a><br> 26.04. ab 21.00 Uhr <a href=\"https:\/\/juz-mannheim.de\/Veranstaltung\/konzert-shadow-house-terminal-a\/?instance_id=44525\">Konzert w\/ Shadow House Terminal A<\/a><br> 28.04. ab 20.00 Uhr <a href=\"https:\/\/juz-mannheim.de\/Veranstaltung\/konzert-black-square-hc-punk-schalko-post-punk\/?instance_id=44541\">Black Square &amp; Schalko<\/a><br> 29.04. ab 18.00 Uhr <a href=\"https:\/\/juz-mannheim.de\/Veranstaltung\/50-jahre-juz-mannheim\/?instance_id=44529\">50 Jahre JUZ &#8211; Nachttanzdemo<\/a><br> ab 22.00 Uhr <a href=\"https:\/\/juz-mannheim.de\/Veranstaltung\/50-jahre-juz-mannheim\/?instance_id=44529\">Geburtstagsparty im JUZ<\/a><br> 02.05. ab 19.00 Uhr <a href=\"https:\/\/juz-mannheim.de\/Veranstaltung\/infoladen-buchgespraeche\/?instance_id=44530\">Infoladen Buchgespr\u00e4ch<\/a><br> 03.05. ab 21.00 Uhr <a href=\"https:\/\/juz-mannheim.de\/Veranstaltung\/sttw-praesentiert-vole-cz-ahoj-svk\/?instance_id=44543\">Vole (CZ) &amp; Ahoj (SVK)<\/a><br> 04.05. ab 20.00 Uhr <a href=\"https:\/\/juz-mannheim.de\/Veranstaltung\/filmvorfuehrung-freie-raeume-filmgespraech\/?instance_id=44532\">Filmvorf\u00fchrung \u201eFreie R\u00e4ume\u201c + Diskussion<\/a><br> 06.05. ab 15.00 Uhr <a href=\"https:\/\/juz-mannheim.de\/Veranstaltung\/desordre-fest-iii\/?instance_id=44531\">D\u00e9sordre Fest III<\/a><br> 07.05. ab 19.00 Uhr <a href=\"https:\/\/juz-mannheim.de\/Veranstaltung\/irnini-mons-delta-komplex-postpunk-wave\/?instance_id=44537\">IRNINI MONS + DELTA KOMPLEX<\/a><br> 10.05. ab 19.30 Uhr <a href=\"https:\/\/juz-mannheim.de\/Veranstaltung\/impro-theater-auftritt\/?instance_id=44533\">Impro-Theater Auftritt<\/a><\/p>\n\n\n\n<p> 12.05. ab 17.00 Uhr <a href=\"https:\/\/juz-mannheim.de\/Veranstaltung\/50-jahre-juz-tag-der-offenen-tuer\/?instance_id=44534\">Tag der offenen T\u00fcr<\/a><br> 13.05. ab 19.30 Uhr <a href=\"https:\/\/juz-mannheim.de\/Veranstaltung\/soliparty-fuer-das-medinetz-rhein-neckar-e-v\/?instance_id=44539\">SoliParty f\u00fcr das MediNetz Rhein Neckar<\/a><br> 20.05. ab 14.00 Uhr <a href=\"https:\/\/www.facebook.com\/people\/Max-Joseph-Stra%C3%9Fenfest\/100079519962760\/\">Infostand vom JUZ auf dem Max-Joseph-Stra\u00dfenfest<\/a><br> 21.05. ab 14.00 Uhr<a href=\"https:\/\/juz-mannheim.de\/Veranstaltung\/impro-theater-einsteiger-workshop\/?instance_id=44535\"> Einsteiger Workshop Impro-Theater<\/a><br> 27.-29.05 ab 16.00 Uhr <a href=\"https:\/\/juz-mannheim.de\/Veranstaltung\/pfingstfest-23-2\/?instance_id=44518\">Pfingstfest 2023 \u2013 Punk &amp; Hardcorde Festival<\/a><br> 02.06. ab 21.00 Uhr <a href=\"https:\/\/juz-mannheim.de\/Veranstaltung\/karaoke-abschlussparty-fuer-die-veranstaltungsreihe-der-rosen-unterm-beton\/?instance_id=44536\">Rosen unterm Beton<\/a><br> <\/p>\n\n\n\n<p>Es war der 1.Mai vor 50 Jahren, als ein langer Kampf von Mannheimer Jugendlichen f\u00fcr einen Freiraum in ihrer Stadt, den sie eigenverantwortlich und nach basisdemokratischen Prinzipien gestalten wollten, von Erfolg gekr\u00f6nt wurde. Am 1.Mai 1973 \u00f6ffnete das nach Friedrich D\u00fcrr, einem Mannheimer Widerstandsk\u00e4mpfer gegen den Nationalsozialismus benannte Jugendzentrum in Selbstverwaltung, damals noch in den Quadraten, seine Pforten. Seither f\u00fcllten Generationen von Jugendlichen aus Mannheim und weit dar\u00fcber hinaus das JUZ mit Leben und Inhalten und stellten immer wieder von Neuem ein buntes Kultur- und Bildungsprogramm mit \u00fcberregionaler Bedeutung auf die Beine.<\/p>\n\n\n\n<p>Von April bis Juni 2023 wollen wir mit euch gemeinsam das Bestehen dieses Jugendzentrums feiern. Dazu sollen alle unsere Veranstaltungen in dieser Zeit unter den JUZ-Geburtstag fallen, weil wir glauben so zeigen zu k\u00f6nnen was f\u00fcr eine Vielfalt im JUZ steckt.<\/p>\n\n\n\n<p>Hier zur Vorfreude eine kleine Auswahl von Geburtstagsplakaten:<\/p>\n\n\n\n<figure class=\"wp-block-image size-large\"><img loading=\"lazy\" decoding=\"async\" width=\"1707\" height=\"2560\" src=\"https:\/\/juz-mannheim.de\/wp-content\/uploads\/2023\/03\/O4B0939-scaled.jpg\" alt=\"\" class=\"wp-image-4433\" srcset=\"https:\/\/juz-mannheim.de\/wp-content\/uploads\/2023\/03\/O4B0939-scaled.jpg 1707w, https:\/\/juz-mannheim.de\/wp-content\/uploads\/2023\/03\/O4B0939-200x300.jpg 200w, https:\/\/juz-mannheim.de\/wp-content\/uploads\/2023\/03\/O4B0939-768x1152.jpg 768w, https:\/\/juz-mannheim.de\/wp-content\/uploads\/2023\/03\/O4B0939-1024x1536.jpg 1024w, https:\/\/juz-mannheim.de\/wp-content\/uploads\/2023\/03\/O4B0939-1365x2048.jpg 1365w\" sizes=\"auto, (max-width: 1707px) 100vw, 1707px\" \/><\/figure>\n\n\n\n<figure class=\"wp-block-image size-large\"><img loading=\"lazy\" decoding=\"async\" width=\"1707\" height=\"2560\" src=\"https:\/\/juz-mannheim.de\/wp-content\/uploads\/2023\/03\/O4B0940-scaled.jpg\" alt=\"\" class=\"wp-image-4434\" srcset=\"https:\/\/juz-mannheim.de\/wp-content\/uploads\/2023\/03\/O4B0940-scaled.jpg 1707w, https:\/\/juz-mannheim.de\/wp-content\/uploads\/2023\/03\/O4B0940-200x300.jpg 200w, https:\/\/juz-mannheim.de\/wp-content\/uploads\/2023\/03\/O4B0940-768x1152.jpg 768w, https:\/\/juz-mannheim.de\/wp-content\/uploads\/2023\/03\/O4B0940-1024x1536.jpg 1024w, https:\/\/juz-mannheim.de\/wp-content\/uploads\/2023\/03\/O4B0940-1365x2048.jpg 1365w\" sizes=\"auto, (max-width: 1707px) 100vw, 1707px\" \/><\/figure>\n\n\n\n<figure class=\"wp-block-image size-large\"><img loading=\"lazy\" decoding=\"async\" width=\"1707\" height=\"2560\" src=\"https:\/\/juz-mannheim.de\/wp-content\/uploads\/2023\/03\/O4B0942-scaled.jpg\" alt=\"\" class=\"wp-image-4435\" srcset=\"https:\/\/juz-mannheim.de\/wp-content\/uploads\/2023\/03\/O4B0942-scaled.jpg 1707w, https:\/\/juz-mannheim.de\/wp-content\/uploads\/2023\/03\/O4B0942-200x300.jpg 200w, https:\/\/juz-mannheim.de\/wp-content\/uploads\/2023\/03\/O4B0942-768x1152.jpg 768w, https:\/\/juz-mannheim.de\/wp-content\/uploads\/2023\/03\/O4B0942-1024x1536.jpg 1024w, https:\/\/juz-mannheim.de\/wp-content\/uploads\/2023\/03\/O4B0942-1365x2048.jpg 1365w\" sizes=\"auto, (max-width: 1707px) 100vw, 1707px\" \/><\/figure>\n\n\n\n<figure class=\"wp-block-image size-large\"><img loading=\"lazy\" decoding=\"async\" width=\"1707\" height=\"2560\" src=\"https:\/\/juz-mannheim.de\/wp-content\/uploads\/2023\/03\/O4B0943-scaled.jpg\" alt=\"\" class=\"wp-image-4436\" srcset=\"https:\/\/juz-mannheim.de\/wp-content\/uploads\/2023\/03\/O4B0943-scaled.jpg 1707w, https:\/\/juz-mannheim.de\/wp-content\/uploads\/2023\/03\/O4B0943-200x300.jpg 200w, https:\/\/juz-mannheim.de\/wp-content\/uploads\/2023\/03\/O4B0943-768x1152.jpg 768w, https:\/\/juz-mannheim.de\/wp-content\/uploads\/2023\/03\/O4B0943-1024x1536.jpg 1024w, https:\/\/juz-mannheim.de\/wp-content\/uploads\/2023\/03\/O4B0943-1365x2048.jpg 1365w\" sizes=\"auto, (max-width: 1707px) 100vw, 1707px\" \/><\/figure>\n\n\n\n<figure class=\"wp-block-image size-large\"><img loading=\"lazy\" decoding=\"async\" width=\"1707\" height=\"2560\" src=\"https:\/\/juz-mannheim.de\/wp-content\/uploads\/2023\/03\/O4B0944-scaled.jpg\" alt=\"\" class=\"wp-image-4437\" srcset=\"https:\/\/juz-mannheim.de\/wp-content\/uploads\/2023\/03\/O4B0944-scaled.jpg 1707w, https:\/\/juz-mannheim.de\/wp-content\/uploads\/2023\/03\/O4B0944-200x300.jpg 200w, https:\/\/juz-mannheim.de\/wp-content\/uploads\/2023\/03\/O4B0944-768x1152.jpg 768w, https:\/\/juz-mannheim.de\/wp-content\/uploads\/2023\/03\/O4B0944-1024x1536.jpg 1024w, https:\/\/juz-mannheim.de\/wp-content\/uploads\/2023\/03\/O4B0944-1365x2048.jpg 1365w\" sizes=\"auto, (max-width: 1707px) 100vw, 1707px\" \/><\/figure>\n\n\n\n<figure class=\"wp-block-image size-large\"><img loading=\"lazy\" decoding=\"async\" width=\"2560\" height=\"1707\" src=\"https:\/\/juz-mannheim.de\/wp-content\/uploads\/2023\/03\/O4B0946-scaled.jpg\" alt=\"\" class=\"wp-image-4438\" srcset=\"https:\/\/juz-mannheim.de\/wp-content\/uploads\/2023\/03\/O4B0946-scaled.jpg 2560w, https:\/\/juz-mannheim.de\/wp-content\/uploads\/2023\/03\/O4B0946-300x200.jpg 300w, https:\/\/juz-mannheim.de\/wp-content\/uploads\/2023\/03\/O4B0946-768x512.jpg 768w, https:\/\/juz-mannheim.de\/wp-content\/uploads\/2023\/03\/O4B0946-1536x1024.jpg 1536w, https:\/\/juz-mannheim.de\/wp-content\/uploads\/2023\/03\/O4B0946-2048x1365.jpg 2048w\" sizes=\"auto, (max-width: 2560px) 100vw, 2560px\" \/><\/figure>\n\n\n\n<figure class=\"wp-block-image size-large\"><img loading=\"lazy\" decoding=\"async\" width=\"2560\" height=\"1707\" src=\"https:\/\/juz-mannheim.de\/wp-content\/uploads\/2023\/03\/O4B0949-scaled.jpg\" alt=\"\" class=\"wp-image-4439\" srcset=\"https:\/\/juz-mannheim.de\/wp-content\/uploads\/2023\/03\/O4B0949-scaled.jpg 2560w, https:\/\/juz-mannheim.de\/wp-content\/uploads\/2023\/03\/O4B0949-300x200.jpg 300w, https:\/\/juz-mannheim.de\/wp-content\/uploads\/2023\/03\/O4B0949-768x512.jpg 768w, https:\/\/juz-mannheim.de\/wp-content\/uploads\/2023\/03\/O4B0949-1536x1024.jpg 1536w, https:\/\/juz-mannheim.de\/wp-content\/uploads\/2023\/03\/O4B0949-2048x1365.jpg 2048w\" sizes=\"auto, (max-width: 2560px) 100vw, 2560px\" \/><\/figure>\n\n\n\n<figure class=\"wp-block-image size-large\"><img loading=\"lazy\" decoding=\"async\" width=\"1707\" height=\"2560\" src=\"https:\/\/juz-mannheim.de\/wp-content\/uploads\/2023\/03\/O4B0952-scaled.jpg\" alt=\"\" class=\"wp-image-4440\" srcset=\"https:\/\/juz-mannheim.de\/wp-content\/uploads\/2023\/03\/O4B0952-scaled.jpg 1707w, https:\/\/juz-mannheim.de\/wp-content\/uploads\/2023\/03\/O4B0952-200x300.jpg 200w, https:\/\/juz-mannheim.de\/wp-content\/uploads\/2023\/03\/O4B0952-768x1152.jpg 768w, https:\/\/juz-mannheim.de\/wp-content\/uploads\/2023\/03\/O4B0952-1024x1536.jpg 1024w, https:\/\/juz-mannheim.de\/wp-content\/uploads\/2023\/03\/O4B0952-1365x2048.jpg 1365w\" sizes=\"auto, (max-width: 1707px) 100vw, 1707px\" \/><\/figure>\n\n\n\n<figure class=\"wp-block-image size-large\"><img loading=\"lazy\" decoding=\"async\" width=\"1707\" height=\"2560\" src=\"https:\/\/juz-mannheim.de\/wp-content\/uploads\/2023\/03\/O4B0954-scaled.jpg\" alt=\"\" class=\"wp-image-4441\" srcset=\"https:\/\/juz-mannheim.de\/wp-content\/uploads\/2023\/03\/O4B0954-scaled.jpg 1707w, https:\/\/juz-mannheim.de\/wp-content\/uploads\/2023\/03\/O4B0954-200x300.jpg 200w, https:\/\/juz-mannheim.de\/wp-content\/uploads\/2023\/03\/O4B0954-768x1152.jpg 768w, https:\/\/juz-mannheim.de\/wp-content\/uploads\/2023\/03\/O4B0954-1024x1536.jpg 1024w, https:\/\/juz-mannheim.de\/wp-content\/uploads\/2023\/03\/O4B0954-1365x2048.jpg 1365w\" sizes=\"auto, (max-width: 1707px) 100vw, 1707px\" \/><\/figure>\n\n\n\n<figure class=\"wp-block-image size-large\"><img loading=\"lazy\" decoding=\"async\" width=\"2560\" height=\"1707\" src=\"https:\/\/juz-mannheim.de\/wp-content\/uploads\/2023\/03\/O4B0956-scaled.jpg\" alt=\"\" class=\"wp-image-4442\" srcset=\"https:\/\/juz-mannheim.de\/wp-content\/uploads\/2023\/03\/O4B0956-scaled.jpg 2560w, https:\/\/juz-mannheim.de\/wp-content\/uploads\/2023\/03\/O4B0956-300x200.jpg 300w, https:\/\/juz-mannheim.de\/wp-content\/uploads\/2023\/03\/O4B0956-768x512.jpg 768w, https:\/\/juz-mannheim.de\/wp-content\/uploads\/2023\/03\/O4B0956-1536x1024.jpg 1536w, https:\/\/juz-mannheim.de\/wp-content\/uploads\/2023\/03\/O4B0956-2048x1365.jpg 2048w\" sizes=\"auto, (max-width: 2560px) 100vw, 2560px\" \/><\/figure>\n","protected":false},"excerpt":{"rendered":"<p>Geburtstagsprogramm F\u00fcr mehr Infos klickt auf die Veranstaltung oder unter: https:\/\/juz-mannheim.de\/kalender https:\/\/facebook.com\/juzmannheim https:\/\/instagram.com\/juzmannheim 13.04. ab 20.00 Uhr Konzert w\/ Pussy Gillette &amp; WE Are The Asteroid 14.04. ab 21.00 Uhr Electro Noise Tanzen Vol.3 15.04. ab 21.00 Uhr The Final Fix: Ravage Fix Abschiedstour + Morra+ Beton Brut 18.04. ab 18.00 Uhr Vortrag \u201eAntifaschistische P\u00e4dagogik\u201c 21.04. ab 19.30 Uhr THE SHITS + KRUDE + SUBORDINATE+CHAMPAIN DEATH 22.04. 12.- 17.00 Uhr Mode und mehr: Monnemer Second Hand Markt 25.04. ab 20.00 Uhr Spite House + Feverchild 26.04. ab 21.00 Uhr Konzert w\/ Shadow House Terminal A 28.04. ab 20.00 Uhr Black<\/p>\n<p><a class=\"excerpt-more blog-excerpt\" href=\"https:\/\/juz-mannheim.de\/en\/50-jahre-juz\/\">&#8230;mehr<\/a><\/p>\n","protected":false},"author":1,"featured_media":0,"parent":0,"menu_order":0,"comment_status":"closed","ping_status":"closed","template":"","meta":{"footnotes":""},"class_list":["post-4429","page","type-page","status-publish","hentry"],"translation":{"provider":"WPGlobus","version":"3.0.2","language":"en","enabled_languages":["de","en"],"languages":{"de":{"title":true,"content":true,"excerpt":false},"en":{"title":false,"content":false,"excerpt":false}}},"_links":{"self":[{"href":"https:\/\/juz-mannheim.de\/en\/wp-json\/wp\/v2\/pages\/4429","targetHints":{"allow":["GET"]}}],"collection":[{"href":"https:\/\/juz-mannheim.de\/en\/wp-json\/wp\/v2\/pages"}],"about":[{"href":"https:\/\/juz-mannheim.de\/en\/wp-json\/wp\/v2\/types\/page"}],"author":[{"embeddable":true,"href":"https:\/\/juz-mannheim.de\/en\/wp-json\/wp\/v2\/users\/1"}],"replies":[{"embeddable":true,"href":"https:\/\/juz-mannheim.de\/en\/wp-json\/wp\/v2\/comments?post=4429"}],"version-history":[{"count":6,"href":"https:\/\/juz-mannheim.de\/en\/wp-json\/wp\/v2\/pages\/4429\/revisions"}],"predecessor-version":[{"id":4497,"href":"https:\/\/juz-mannheim.de\/en\/wp-json\/wp\/v2\/pages\/4429\/revisions\/4497"}],"wp:attachment":[{"href":"https:\/\/juz-mannheim.de\/en\/wp-json\/wp\/v2\/media?parent=4429"}],"curies":[{"name":"wp","href":"https:\/\/api.w.org\/{rel}","templated":true}]}}