{"id":43,"date":"2012-08-16T14:08:49","date_gmt":"2012-08-16T12:08:49","guid":{"rendered":"http:\/\/juz-mannheim.de\/juz\/?page_id=43"},"modified":"2019-02-21T12:36:39","modified_gmt":"2019-02-21T11:36:39","slug":"uber-uns","status":"publish","type":"page","link":"https:\/\/juz-mannheim.de\/en\/uber-uns\/","title":{"rendered":"Info"},"content":{"rendered":"\n<p><strong>\u00bb\u00a0<a href=\"http:\/\/juz-mannheim.de\/?page_id=69\">Why\u00a0the\u00a0youth\u00a0center\u00a0is\u00a0called\u00a0Friedrich\u00a0D\u00fcrr?<\/a><\/strong><\/p>\n\n\n\n<p><strong>\u00bb\u00a0<a href=\"http:\/\/juz-mannheim.de\/?page_id=77\">Friends\u00a0of\u00a0the\u00a0JUZ<\/a><\/strong><\/p>\n\n\n\n<p><strong>\u00bb\u00a0<a href=\"http:\/\/juz-mannheim.de\/?page_id=229\">JUZ History<\/a><\/strong><\/p>\n\n\n\n<p><strong>\u00bb\u00a0<a href=\"http:\/\/juz-mannheim.de\/?page_id=595\">Our\u00a0concept\u00a0of\u00a0self-government<\/a><\/strong><\/p>\n\n\n\n<h2 class=\"wp-block-heading\">What is the JUZ?<\/h2>\n\n\n\n<div class=\"wp-block-image\"><figure class=\"alignleft\"><a href=\"http:\/\/juz-mannheim.de\/?attachment_id=787\"><img loading=\"lazy\" decoding=\"async\" width=\"300\" height=\"200\" src=\"http:\/\/juz-mannheim.de\/wp-content\/uploads\/2012\/08\/MALEFEMALE2-300x200.jpg\" alt=\"MALEFEMALE2\" class=\"wp-image-787\" srcset=\"https:\/\/juz-mannheim.de\/wp-content\/uploads\/2012\/08\/MALEFEMALE2-300x200.jpg 300w, https:\/\/juz-mannheim.de\/wp-content\/uploads\/2012\/08\/MALEFEMALE2.jpg 765w\" sizes=\"auto, (max-width: 300px) 100vw, 300px\" \/><\/a><\/figure><\/div>\n\n\n\n<p>Das Jugendzentrum in Selbstverwaltung \u201eFriedrich D\u00fcrr\u201c in der Mannheimer Neckarstadt besteht schon seit 1973 (bis 1994 in den Quadraten). Das JUZ entstand aus dem Bed\u00fcrfnis nach einem Ort, an dem Menschen jenseits kapitalistischer Verwertungslogik ihr Leben selbst gestalten k\u00f6nnen \u2013 durch politische Veranstaltungen, Partys, Konzerte und ganz einfach durch die M\u00f6glichkeit, sich ohne Konsumzwang zu treffen, auszutauschen und zu organisieren.<\/p>\n\n\n\n<div class=\"wp-block-image\"><figure class=\"alignright\"><a href=\"http:\/\/juz-mannheim.de\/wp-content\/uploads\/2012\/09\/juz_5.jpg\"><img loading=\"lazy\" decoding=\"async\" width=\"1024\" height=\"767\" src=\"http:\/\/juz-mannheim.de\/wp-content\/uploads\/2012\/09\/juz_5-1024x767.jpg\" alt=\"juz_5\" class=\"wp-image-783\" srcset=\"https:\/\/juz-mannheim.de\/wp-content\/uploads\/2012\/09\/juz_5-1024x767.jpg 1024w, https:\/\/juz-mannheim.de\/wp-content\/uploads\/2012\/09\/juz_5-300x224.jpg 300w, https:\/\/juz-mannheim.de\/wp-content\/uploads\/2012\/09\/juz_5.jpg 1095w\" sizes=\"auto, (max-width: 1024px) 100vw, 1024px\" \/><\/a><\/figure><\/div>\n\n\n\n<p>Das JUZ ist ein Treffpunkt f\u00fcr alle Menschen, die Interesse daran haben, selbst etwas auf die Beine zu stellen. Das JUZ ist kein Club und auch keine \u201ebillige\u201c Partylocation. Es bietet einen unkommerziellen Raum f\u00fcr Ausstellungen, Infoveranstaltungen, Gruppentreffen, Konzerte, Parties, Kneipe, Essen, Kino und vieles mehr. Jede_r kann eigenst\u00e4ndig Veranstaltungen organisieren und so das JUZ mit Leben f\u00fcllen.<\/p>\n\n\n\n<p>Das JUZ ist ein Ort, der von der Beteiligung vieler Menschen lebt. Je mehr Menschen sich einbringen umso mehr kann im JUZ auf die Beine gestellt werden. Einbringen kann hei\u00dfen: auf der Vollversammlung mit zu diskutieren, sich einer Fachschaft (z.B.&nbsp;<a href=\"http:\/\/juz-mannheim.de\/?page_id=19\">Konzert-FS<\/a>) anzuschlie\u00dfen oder selbst eine zu gr\u00fcnden, das Geb\u00e4ude zu gestalten (und zu putzen), zu kochen, eine Veranstaltung zu organisieren, sich einzumischen, wenn etwas falsch l\u00e4uft, mit offenen Augen durch das Haus gehen, zu bemerken, wenn etwas zu erledigen ist\u2026 es gibt tausend M\u00f6glichkeiten.<\/p>\n\n\n\n<p>Das JUZ kennenlernen kann man z.B. jeden Montag (19Uhr) w\u00e4hrend der Vollversammlung (VV). Dort werden alle das JUZ betreffende Dinge besprochen, Entscheidungen gef\u00e4llt und Veranstaltungstermine ausgemacht.<\/p>\n","protected":false},"excerpt":{"rendered":"<p>\u00bb\u00a0Why\u00a0the\u00a0youth\u00a0center\u00a0is\u00a0called\u00a0Friedrich\u00a0D\u00fcrr? \u00bb\u00a0Friends\u00a0of\u00a0the\u00a0JUZ \u00bb\u00a0JUZ History \u00bb\u00a0Our\u00a0concept\u00a0of\u00a0self-government What is the JUZ? Das Jugendzentrum in Selbstverwaltung \u201eFriedrich D\u00fcrr\u201c in der Mannheimer Neckarstadt besteht schon seit 1973 (bis 1994 in den Quadraten). Das JUZ entstand aus dem Bed\u00fcrfnis nach einem Ort, an dem Menschen jenseits kapitalistischer Verwertungslogik ihr Leben selbst gestalten k\u00f6nnen \u2013 durch politische Veranstaltungen, Partys, Konzerte und ganz einfach durch die M\u00f6glichkeit, sich ohne Konsumzwang zu treffen, auszutauschen und zu organisieren. Das JUZ ist ein Treffpunkt f\u00fcr alle Menschen, die Interesse daran haben, selbst etwas auf die Beine zu stellen. Das JUZ ist kein Club und auch keine \u201ebillige\u201c Partylocation. Es bietet<\/p>\n<p><a class=\"excerpt-more blog-excerpt\" href=\"https:\/\/juz-mannheim.de\/en\/uber-uns\/\">&#8230;mehr<\/a><\/p>\n","protected":false},"author":1,"featured_media":0,"parent":0,"menu_order":4,"comment_status":"closed","ping_status":"closed","template":"","meta":{"footnotes":""},"class_list":["post-43","page","type-page","status-publish","hentry"],"translation":{"provider":"WPGlobus","version":"3.0.2","language":"en","enabled_languages":["de","en"],"languages":{"de":{"title":true,"content":true,"excerpt":false},"en":{"title":true,"content":true,"excerpt":false}}},"_links":{"self":[{"href":"https:\/\/juz-mannheim.de\/en\/wp-json\/wp\/v2\/pages\/43","targetHints":{"allow":["GET"]}}],"collection":[{"href":"https:\/\/juz-mannheim.de\/en\/wp-json\/wp\/v2\/pages"}],"about":[{"href":"https:\/\/juz-mannheim.de\/en\/wp-json\/wp\/v2\/types\/page"}],"author":[{"embeddable":true,"href":"https:\/\/juz-mannheim.de\/en\/wp-json\/wp\/v2\/users\/1"}],"replies":[{"embeddable":true,"href":"https:\/\/juz-mannheim.de\/en\/wp-json\/wp\/v2\/comments?post=43"}],"version-history":[{"count":44,"href":"https:\/\/juz-mannheim.de\/en\/wp-json\/wp\/v2\/pages\/43\/revisions"}],"predecessor-version":[{"id":3659,"href":"https:\/\/juz-mannheim.de\/en\/wp-json\/wp\/v2\/pages\/43\/revisions\/3659"}],"wp:attachment":[{"href":"https:\/\/juz-mannheim.de\/en\/wp-json\/wp\/v2\/media?parent=43"}],"curies":[{"name":"wp","href":"https:\/\/api.w.org\/{rel}","templated":true}]}}