{"id":4043,"date":"2020-10-27T13:35:45","date_gmt":"2020-10-27T12:35:45","guid":{"rendered":"https:\/\/juz-mannheim.de\/?page_id=4043"},"modified":"2021-09-30T12:44:58","modified_gmt":"2021-09-30T10:44:58","slug":"infoladen","status":"publish","type":"page","link":"https:\/\/juz-mannheim.de\/en\/infoladen\/","title":{"rendered":"Selbstverst\u00e4ndnis des Infoladens"},"content":{"rendered":"\n<div class=\"wp-block-image\"><figure class=\"alignleft is-resized\"><img loading=\"lazy\" decoding=\"async\" src=\"https:\/\/juz-mannheim.de\/wp-content\/uploads\/2020\/10\/infoladenlogo.jpg\" alt=\"\" class=\"wp-image-4050\" width=\"169\" height=\"169\"\/><\/figure><\/div>\n\n\n\n<p>Wir  verstehen den Infoladen als einen Ort von Gegen\u00f6ffentlichkeit,  Austausch, Vernetzung und entsprechender Infrastruktur. Dazu geh\u00f6rt das  (kostenneutrale) Bereitstellen von Literatur (B\u00fcchern, Zeitschriften,  Brosch\u00fcren und anderes Infomaterial), Materialien, Wissen sowie R\u00e4umen  f\u00fcr Bildung und Diskussion. Ein solcher Raum soll durch die Verf\u00fcgbar-Machung von unterschiedlichen linken Wissensbest\u00e4nden dazu beitragen, historische und aktuelle politische Themen aufzugreifen und diese gemeinsam zu reflektieren. Der Infoladen ist Teil der Fachschaftsstruktur des JUZ. Er wird getragen von Menschen mit unterschiedlichen politischen \u00dcberzeugungen, die Herrschaftsverh\u00e4ltnisse kritisieren und \u00fcberwinden wollen. <br><\/p>\n\n\n\n<p>Wir wollen dazu beitragen Politik im JUZ-Alltag sichtbar zu machen, sie dauerhaft zu verankern und in die \u00e4u\u00dfere \u00d6ffentlichkeit zu tragen.     <\/p>\n\n\n\n<p>Die Literatur des Infoladens kann vor Ort gelesen oder ausgeliehen und Anschaffungsw\u00fcnsche eingebracht werden.&nbsp;Bisher haben wir folgende Literatur im Bestand:         <\/p>\n\n\n\n<div class=\"wp-block-group\"><div class=\"wp-block-group__inner-container is-layout-flow wp-block-group-is-layout-flow\">\n<p>&#8211;         Neuanschaffungen     &#8211;         <\/p>\n\n\n\n<div class=\"wp-block-group\"><div class=\"wp-block-group__inner-container is-layout-flow wp-block-group-is-layout-flow\">\n<ul class=\"wp-block-list\"><li>     Antifaschismus\/Antirassismus\/Antisemitismus\/Antiziganismus   <\/li><li>     Feminismus\/LGBTIQ*    <\/li><li>     Kapitalismuskritik (Antiimperalismus, (Neo)Kolonialismus, Antimilitarismus)    <\/li><li>     Theorie und Utopien    <\/li><li>     Krankheit\/(Ent)Pathologisierung    <\/li><li>     Religion\/Esoterik     <\/li><li>     Antirepression    <\/li><li>     Internationales und L\u00e4nder    <\/li><li>     Soziale Ausgrenzung\/soziale K\u00e4mpfe    <\/li><li>     Umwelt\/Klima\/Tierrechte    <\/li><li>     Kunst\/\u00c4sthetik\/Medien    <\/li><li>     Biografien-Belletristik-Reiseliteratur     <\/li><\/ul>\n<\/div><\/div>\n<\/div><\/div>\n\n\n\n<p>Erreichen k\u00f6nnt ihr uns \u00fcber die E-Mailadresse: infoladen@juz-mannheim.de . Neue \u00d6ffnungszeiten des Infoladens: jeden Dienstag von 19:00-21:00 Uhr und bei ausgew\u00e4hlten Veranstaltungen.<\/p>\n","protected":false},"excerpt":{"rendered":"<p>Wir verstehen den Infoladen als einen Ort von Gegen\u00f6ffentlichkeit, Austausch, Vernetzung und entsprechender Infrastruktur. Dazu geh\u00f6rt das (kostenneutrale) Bereitstellen von Literatur (B\u00fcchern, Zeitschriften, Brosch\u00fcren und anderes Infomaterial), Materialien, Wissen sowie R\u00e4umen f\u00fcr Bildung und Diskussion. Ein solcher Raum soll durch die Verf\u00fcgbar-Machung von unterschiedlichen linken Wissensbest\u00e4nden dazu beitragen, historische und aktuelle politische Themen aufzugreifen und diese gemeinsam zu reflektieren. Der Infoladen ist Teil der Fachschaftsstruktur des JUZ. Er wird getragen von Menschen mit unterschiedlichen politischen \u00dcberzeugungen, die Herrschaftsverh\u00e4ltnisse kritisieren und \u00fcberwinden wollen. Wir wollen dazu beitragen Politik im JUZ-Alltag sichtbar zu machen, sie dauerhaft zu verankern und in die \u00e4u\u00dfere<\/p>\n<p><a class=\"excerpt-more blog-excerpt\" href=\"https:\/\/juz-mannheim.de\/en\/infoladen\/\">&#8230;mehr<\/a><\/p>\n","protected":false},"author":1,"featured_media":4050,"parent":0,"menu_order":0,"comment_status":"closed","ping_status":"closed","template":"","meta":{"footnotes":""},"class_list":["post-4043","page","type-page","status-publish","has-post-thumbnail","hentry"],"translation":{"provider":"WPGlobus","version":"3.0.2","language":"en","enabled_languages":["de","en"],"languages":{"de":{"title":true,"content":true,"excerpt":false},"en":{"title":false,"content":false,"excerpt":false}}},"_links":{"self":[{"href":"https:\/\/juz-mannheim.de\/en\/wp-json\/wp\/v2\/pages\/4043","targetHints":{"allow":["GET"]}}],"collection":[{"href":"https:\/\/juz-mannheim.de\/en\/wp-json\/wp\/v2\/pages"}],"about":[{"href":"https:\/\/juz-mannheim.de\/en\/wp-json\/wp\/v2\/types\/page"}],"author":[{"embeddable":true,"href":"https:\/\/juz-mannheim.de\/en\/wp-json\/wp\/v2\/users\/1"}],"replies":[{"embeddable":true,"href":"https:\/\/juz-mannheim.de\/en\/wp-json\/wp\/v2\/comments?post=4043"}],"version-history":[{"count":13,"href":"https:\/\/juz-mannheim.de\/en\/wp-json\/wp\/v2\/pages\/4043\/revisions"}],"predecessor-version":[{"id":4157,"href":"https:\/\/juz-mannheim.de\/en\/wp-json\/wp\/v2\/pages\/4043\/revisions\/4157"}],"wp:featuredmedia":[{"embeddable":true,"href":"https:\/\/juz-mannheim.de\/en\/wp-json\/wp\/v2\/media\/4050"}],"wp:attachment":[{"href":"https:\/\/juz-mannheim.de\/en\/wp-json\/wp\/v2\/media?parent=4043"}],"curies":[{"name":"wp","href":"https:\/\/api.w.org\/{rel}","templated":true}]}}