{"id":4029,"date":"2020-10-22T11:12:04","date_gmt":"2020-10-22T09:12:04","guid":{"rendered":"https:\/\/juz-mannheim.de\/?page_id=4029"},"modified":"2021-03-18T12:53:43","modified_gmt":"2021-03-18T11:53:43","slug":"input-mannheim","status":"publish","type":"page","link":"https:\/\/juz-mannheim.de\/en\/input-mannheim\/","title":{"rendered":"Input Mannheim"},"content":{"rendered":"\n<h2 class=\"wp-block-heading\"><a href=\"http:\/\/inputma.blogsport.de\/was-is-input\/\">WAS IST INPUT?<\/a><\/h2>\n\n\n\n<p><strong>INPUT-Grundidee<\/strong><br>Auf vielen Polit-Veranstaltungen erscheint es ziemlich schwierig zuzugeben, dass man etwas nicht wei\u00df oder nicht verstanden hat. Deshalb will INPUT mit seinen Workshops und Vortr\u00e4gen die M\u00f6glichkeit geben, \/basics\/ zu diskutieren und die Sachen klar zu kriegen, die scheinbar eh schon alle wissen.<br>Wir m\u00f6chten Dir zeigen, was wir oder eingeladene Expert_innen \u00fcber bestimmte Themen wissen. Aber ob Du davon \u00fcberzeugt bist oder nicht, entscheidest Du ja selbst. Und es gilt grunds\u00e4tzlich: Fragen stellen ist strengstens erw\u00fcnscht! Let\u00b4s do it! Doch wenn m\u00f6glich, wollen wir nicht beim Reden und Diskutieren stehen bleiben. Wir wollen auch weitergehen zum aktiven Handeln. Noch Fragen? Du hast Dich nie getraut bestimmte Fragen zu stellen? Es gibt keine dumme Fragen! Es gibt nur dumme Antworten. Wenn Du also brennende Fragen zu einem dieser Themen hast, dann komm und stell sie uns.<\/p>\n\n\n\n<p><strong>\u00dcbrigens<\/strong><br>Wir bieten bekanntlich Veranstaltungen zu unterschiedlichsten Themen an. Die Sachen, die da von den Referent_innen erz\u00e4hlt werden, sind eine Sichtweise \u2013 und nicht die ultimative Wahrheit. Wir versuchen allerdings immer, einen zusammenfassenden Ein- und \u00dcberblick in Debatten und Diskussionen zu bieten, die \u00fcber die Themen in der Vergangenheit gef\u00fchrt wurden.<br>ABER \u2013 wie so oft: Hinterfragen hei\u00dft die Antwort!<br>Nat\u00fcrlich suchen wir unsere G\u00e4ste sorgf\u00e4ltig aus. Aber nicht alles was gesagt wird, spiegelt unsere pers\u00f6nlichen Ansichten wider. Deshalb d\u00fcrft, m\u00fcsst und sollt ihr ja nach- und weiterdenken. Es liegt also bei euch, was ihr aus den Veranstaltungen mitnehmt.<\/p>\n\n\n\n<p><strong>No place for Nazis!<\/strong><br>\u201eAusgeschlossen von der Veranstaltung sind Personen, die rechten Parteien oder Organisationen angeh\u00f6ren, der rechten Szene zuzuordnen sind oder bereits in der Vergangenheit durch rassistische, nationalistische, antisemitische oder sonstige menschenverachtende \u00c4u\u00dferungen in Erscheinung getreten sind. Die Veranstaltenden behalten sich vor, von ihrem Hausrecht Gebrauch zu machen und diesen Personen den Zutritt zur Veranstaltung zu verwehren oder von dieser zu verweisen.\u201c<\/p>\n\n\n\n<p><strong>Diskussionsverhaltensbasics<\/strong><br>Die INPUT Veranstaltungen richten sich an Leute, die m\u00f6glicherweise kaum etwas \u00fcber die Themen wissen. Deshalb versuchen wir Einf\u00fchrungen und Grunds\u00e4tzliches, eben basics dazu zu\u00a0 vermitteln.<br>Daher sind uns folgende Grundlagen v.a. in der Diskussion wichtig:<br>&#8211; Es gibt keine dummen Fragen- fragt, wenn ihr was nicht versteht,<br>&#8211; Einander ausreden lassen, einander ernst nehmen,<br>&#8211; Keine Beleidigungen, Anmachen, Diskriminierungen, Rumschreien,\u2026<br>&#8211; Vermeiden \u201cleiser\u201d Techniken wie Augen verdrehen, Abwinken, abwertende Gesten.<br>&#8211; Es gibt eine Moderation, die eine Redeliste f\u00fchrt und auf die Reihenfolge achtet.<br>&#8211; Vermeiden von Monologen, die Moderation greift auch ein, wenn jemand nicht zum\u00a0 Punkt kommt\u2026<br>&#8211; Fordert Pausen, wenn es euch zu viel wird,<br>&#8211; Bitte nicht rauchen w\u00e4hrend den Workshops\/ Vortr\u00e4gen<\/p>\n\n\n\n<p>Ihr k\u00f6nnt uns unter der e-Mailadresse Input(\u00e4t)juz-mannheim.de erreichen.<\/p>\n","protected":false},"excerpt":{"rendered":"<p>WAS IST INPUT? INPUT-GrundideeAuf vielen Polit-Veranstaltungen erscheint es ziemlich schwierig zuzugeben, dass man etwas nicht wei\u00df oder nicht verstanden hat. Deshalb will INPUT mit seinen Workshops und Vortr\u00e4gen die M\u00f6glichkeit geben, \/basics\/ zu diskutieren und die Sachen klar zu kriegen, die scheinbar eh schon alle wissen.Wir m\u00f6chten Dir zeigen, was wir oder eingeladene Expert_innen \u00fcber bestimmte Themen wissen. Aber ob Du davon \u00fcberzeugt bist oder nicht, entscheidest Du ja selbst. Und es gilt grunds\u00e4tzlich: Fragen stellen ist strengstens erw\u00fcnscht! Let\u00b4s do it! Doch wenn m\u00f6glich, wollen wir nicht beim Reden und Diskutieren stehen bleiben. Wir wollen auch weitergehen zum aktiven<\/p>\n<p><a class=\"excerpt-more blog-excerpt\" href=\"https:\/\/juz-mannheim.de\/en\/input-mannheim\/\">&#8230;mehr<\/a><\/p>\n","protected":false},"author":1,"featured_media":0,"parent":0,"menu_order":0,"comment_status":"closed","ping_status":"closed","template":"","meta":{"footnotes":""},"class_list":["post-4029","page","type-page","status-publish","hentry"],"translation":{"provider":"WPGlobus","version":"3.0.2","language":"en","enabled_languages":["de","en"],"languages":{"de":{"title":true,"content":true,"excerpt":false},"en":{"title":false,"content":false,"excerpt":false}}},"_links":{"self":[{"href":"https:\/\/juz-mannheim.de\/en\/wp-json\/wp\/v2\/pages\/4029","targetHints":{"allow":["GET"]}}],"collection":[{"href":"https:\/\/juz-mannheim.de\/en\/wp-json\/wp\/v2\/pages"}],"about":[{"href":"https:\/\/juz-mannheim.de\/en\/wp-json\/wp\/v2\/types\/page"}],"author":[{"embeddable":true,"href":"https:\/\/juz-mannheim.de\/en\/wp-json\/wp\/v2\/users\/1"}],"replies":[{"embeddable":true,"href":"https:\/\/juz-mannheim.de\/en\/wp-json\/wp\/v2\/comments?post=4029"}],"version-history":[{"count":2,"href":"https:\/\/juz-mannheim.de\/en\/wp-json\/wp\/v2\/pages\/4029\/revisions"}],"predecessor-version":[{"id":4089,"href":"https:\/\/juz-mannheim.de\/en\/wp-json\/wp\/v2\/pages\/4029\/revisions\/4089"}],"wp:attachment":[{"href":"https:\/\/juz-mannheim.de\/en\/wp-json\/wp\/v2\/media?parent=4029"}],"curies":[{"name":"wp","href":"https:\/\/api.w.org\/{rel}","templated":true}]}}