{"id":35,"date":"2012-08-16T13:52:09","date_gmt":"2012-08-16T11:52:09","guid":{"rendered":"http:\/\/juz-mannheim.de\/juz\/?page_id=35"},"modified":"2026-02-09T14:46:48","modified_gmt":"2026-02-09T13:46:48","slug":"sprachkurse","status":"publish","type":"page","link":"https:\/\/juz-mannheim.de\/en\/angebote\/sprachkurse\/","title":{"rendered":"Sprachkurse \/ Language Courses"},"content":{"rendered":"<p><strong>Sprachkurs Deutsch f\u00fcr junge Gefl\u00fcchtete und Migrant*innen \/<br \/>\nLanguage Course German for young refugees and migrants<br \/>\n<\/strong><\/p>\n<p>(english version below)<\/p>\n<p>Im Jugendzentrum \u201cFriedrich D\u00fcrr\u201d (JUZ) in der Neckarstadt gibt es kostenlose Sprachkurse in Deutsch f\u00fcr junge Gefl\u00fcchtete und Migrant*innen. Die Kurse sind offen f\u00fcr Anf\u00e4nger*innen und Fortgeschrittene.<\/p>\n<p><strong>Kurszeiten:<\/strong><\/p>\n<p>Montag 16:30 &#8211; 18:00 Uhr (Level 1)<br \/>\nDienstag 16:30 &#8211; 18:00 Uhr (Level 2)<br \/>\nDonnerstag 16:30 &#8211; 18:00 Uhr (Level 2)<br \/>\nFreitag 10:30 &#8211; 12:00 Uhr (Level 1)<\/p>\n<p><em>&#8211;&gt; Zur Teilnahme bitte an <a href=\"mailto:sprachkurs@juz-mannheim.de\">sprachkurs@juz-mannheim.de<\/a> mailen!<\/em><\/p>\n<p>Die Kurse finden im Jugendzentrum \u201cFriedrich D\u00fcrr\u201d (JUZ) statt.<br \/>\nAdresse:<br \/>\nK\u00e4the-Kollwitz-Str. 2-4<br \/>\n68169 Mannheim<br \/>\n(Neuer Messplatz)<\/p>\n<p><strong>Free German language course for young refugees and migrants<\/strong><\/p>\n<p>There is a free German language course for young refugees and migrants in the Mannheim Neckarstadt youth Center (JUZ). Courses are suitable for beginners and advanced learners.<\/p>\n<p><strong>Course times:<\/strong><\/p>\n<p>Monday 16:30 &#8211; 18:00 pm (level 1)<br \/>\nTuesday 16:30 &#8211; 18:00 pm (level 2)<br \/>\nThursday 16:30 &#8211; 18:00 pm (level 2)<br \/>\nFriday 10:30 &#8211; 12:00 am (level 1)<\/p>\n<p><del><\/del><em>&#8211;&gt; If you want to participate, please mail to <a href=\"mailto:sprachkurs@juz-mannheim.de\">sprachkurs@juz-mannheim.de<\/a>!<\/em><\/p>\n<p>The courses take place at the Mannheim youth Center \/ Jugendzentrum \u201eFriedrich D\u00fcrr\u201c.<br \/>\naddress:<br \/>\nJUZ Mannheim<br \/>\nK\u00e4the-Kollwitz-Str. 2-4<br \/>\n68169 Mannheim<br \/>\nYou can reach the youth Center with trams 1 and 3 (station \u201eNeuer Messplatz\u201c).<\/p>\n","protected":false},"excerpt":{"rendered":"<p>Sprachkurs Deutsch f\u00fcr junge Gefl\u00fcchtete und Migrant*innen \/ Language Course German for young refugees and migrants (english version below) Im Jugendzentrum \u201cFriedrich D\u00fcrr\u201d (JUZ) in der Neckarstadt gibt es kostenlose Sprachkurse in Deutsch f\u00fcr junge Gefl\u00fcchtete und Migrant*innen. Die Kurse sind offen f\u00fcr Anf\u00e4nger*innen und Fortgeschrittene. Kurszeiten: Montag 16:30 &#8211; 18:00 Uhr (Level 1) Dienstag 16:30 &#8211; 18:00 Uhr (Level 2) Donnerstag 16:30 &#8211; 18:00 Uhr (Level 2) Freitag 10:30 &#8211; 12:00 Uhr (Level 1) &#8211;&gt; Zur Teilnahme bitte an sprachkurs@juz-mannheim.de mailen! Die Kurse finden im Jugendzentrum \u201cFriedrich D\u00fcrr\u201d (JUZ) statt. Adresse: K\u00e4the-Kollwitz-Str. 2-4 68169 Mannheim (Neuer Messplatz) Free German<\/p>\n<p><a class=\"excerpt-more blog-excerpt\" href=\"https:\/\/juz-mannheim.de\/en\/angebote\/sprachkurse\/\">&#8230;mehr<\/a><\/p>\n","protected":false},"author":1,"featured_media":0,"parent":17,"menu_order":10,"comment_status":"closed","ping_status":"closed","template":"","meta":{"footnotes":""},"class_list":["post-35","page","type-page","status-publish","hentry"],"translation":{"provider":"WPGlobus","version":"3.0.2","language":"en","enabled_languages":["de","en"],"languages":{"de":{"title":true,"content":true,"excerpt":false},"en":{"title":false,"content":false,"excerpt":false}}},"_links":{"self":[{"href":"https:\/\/juz-mannheim.de\/en\/wp-json\/wp\/v2\/pages\/35","targetHints":{"allow":["GET"]}}],"collection":[{"href":"https:\/\/juz-mannheim.de\/en\/wp-json\/wp\/v2\/pages"}],"about":[{"href":"https:\/\/juz-mannheim.de\/en\/wp-json\/wp\/v2\/types\/page"}],"author":[{"embeddable":true,"href":"https:\/\/juz-mannheim.de\/en\/wp-json\/wp\/v2\/users\/1"}],"replies":[{"embeddable":true,"href":"https:\/\/juz-mannheim.de\/en\/wp-json\/wp\/v2\/comments?post=35"}],"version-history":[{"count":98,"href":"https:\/\/juz-mannheim.de\/en\/wp-json\/wp\/v2\/pages\/35\/revisions"}],"predecessor-version":[{"id":5164,"href":"https:\/\/juz-mannheim.de\/en\/wp-json\/wp\/v2\/pages\/35\/revisions\/5164"}],"up":[{"embeddable":true,"href":"https:\/\/juz-mannheim.de\/en\/wp-json\/wp\/v2\/pages\/17"}],"wp:attachment":[{"href":"https:\/\/juz-mannheim.de\/en\/wp-json\/wp\/v2\/media?parent=35"}],"curies":[{"name":"wp","href":"https:\/\/api.w.org\/{rel}","templated":true}]}}