{"id":3410,"date":"2018-05-03T12:52:33","date_gmt":"2018-05-03T10:52:33","guid":{"rendered":"http:\/\/juz-mannheim.de\/?page_id=3410"},"modified":"2018-05-14T14:36:23","modified_gmt":"2018-05-14T12:36:23","slug":"veranstaltungsreihe-juzinputdgb","status":"publish","type":"page","link":"https:\/\/juz-mannheim.de\/en\/veranstaltungsreihe-juzinputdgb\/","title":{"rendered":"Veranstaltungsreihe JUZ\/INPUT\/DGB"},"content":{"rendered":"<p>Die CDU-Mannheim h\u00e4tte es gerne gesehen, wenn wir dieses Jahr nicht unseren Geburtstag h\u00e4tten feiern k\u00f6nnen. Deshalb reichten sie im Dezember 2017 Antr\u00e4ge in die Etatberatungen \u00fcber den Haushalt der Stadt Mannheim ein, uns unseren Zuschuss zu streichen und uns die Anerkennung als freier Tr\u00e4ger der Jugendarbeit zu entziehen. In diesen Antr\u00e4gen griffen sie in altbekannter Weise das JUZ als &#8220;linksextrem&#8221; an und versuchten uns als eine Gefahr f\u00fcr die Gesellschaft darzustellen. Um diesem Bl\u00f6dsinn der CDU etwas entgegen zu setzen und zu erkl\u00e4ren, wo wir Gefahren f\u00fcr die Gesellschaft verorten, haben wir gemeinsam mit INPUT Mannheim\/Heidelberg und unterst\u00fctzt vom DGB eine Veranstaltungsreihe konzipiert.<\/p>\n<p>In 6 Veranstaltungen werden wir feiern, dass wir schon 45 Jahre Angriffe von rechts ausgestanden haben.<\/p>\n<p>&#8220;45 Jahre JUZ! \u2013 45 Jahre extrem demokratisch!<br \/>\nEine Veranstaltungsreihe zur Feier des JUZ, gegen Extremismustheorie-Quatsch und Law-and-Order-Ged\u00f6ns!&#8221;<\/p>\n<p><a href=\"http:\/\/juz-mannheim.de\/?ai1ec_event=die-rolle-der-bundesanwaltschaft-im-munchener-nsu-prozess-vortrag-und-diskussion-mit-isabella-greif-und-fritz-burschel&amp;instance_id=35909\">17.5 Die Rolle der Bundesanwaltschaft im M\u00fcnchener NSU-Prozess<\/a><\/p>\n<p id=\"seo_h1_tag\" data-testid=\"event-permalink-event-name\"><a href=\"http:\/\/juz-mannheim.de\/?ai1ec_event=linksextremismus-als-wirkmachtiger-politischer-kampfbegriff&amp;instance_id=35915\">27.5 \u201eLinksextremismus\u201c als wirkm\u00e4chtiger politischer Kampfbegriff<\/a><\/p>\n<p data-testid=\"event-permalink-event-name\"><a href=\"http:\/\/juz-mannheim.de\/?ai1ec_event=vortrag-zur-geschichte-der-jugendzentrumsbewegung&amp;instance_id=35911\">27.5\u00a0Vortrag zur Geschichte der Jugendzentrumsbewegung<\/a><\/p>\n<p data-testid=\"event-permalink-event-name\"><a href=\"http:\/\/juz-mannheim.de\/?ai1ec_event=nsu-komplex-und-antisemitismus-2-0&amp;instance_id=35912\">31.5\u00a0NSU-Komplex und Antisemitismus 2.0 \u2013<\/a><br \/>\n<a href=\"http:\/\/juz-mannheim.de\/?ai1ec_event=nsu-komplex-und-antisemitismus-2-0&amp;instance_id=35912\">Oder: M\u00f6glichkeiten und Herausforderungen politischer Allianzen \u2013 Ein Workshop mit Hannah Peaceman und Michael Becker<\/a><\/p>\n<p data-testid=\"event-permalink-event-name\"><a href=\"http:\/\/juz-mannheim.de\/?ai1ec_event=podiumzwei-judische-perspektiven-auf-die-68er&amp;instance_id=35916\">5.6\u00a0Zwei j\u00fcdische Perspektiven auf die Protestbewegungen rund um 1968<\/a><br \/>\n<a href=\"http:\/\/juz-mannheim.de\/?ai1ec_event=podiumzwei-judische-perspektiven-auf-die-68er&amp;instance_id=35916\">\u2013 Ein Podiumsgespr\u00e4ch mit Wolfgang Seibert und Esther Dischereit, moderiert von Johannes Spohr<\/a><\/p>\n<p data-testid=\"event-permalink-event-name\"><a href=\"http:\/\/juz-mannheim.de\/?ai1ec_event=demokratieschutz-als-staatsschutz-der-feind-steht-links&amp;instance_id=35914\">7.6\u00a0Demokratieschutz als Staatsschutz \u2013 der Feind steht links<\/a><\/p>\n","protected":false},"excerpt":{"rendered":"<p>Die CDU-Mannheim h\u00e4tte es gerne gesehen, wenn wir dieses Jahr nicht unseren Geburtstag h\u00e4tten feiern k\u00f6nnen. Deshalb reichten sie im Dezember 2017 Antr\u00e4ge in die Etatberatungen \u00fcber den Haushalt der Stadt Mannheim ein, uns unseren Zuschuss zu streichen und uns die Anerkennung als freier Tr\u00e4ger der Jugendarbeit zu entziehen. In diesen Antr\u00e4gen griffen sie in altbekannter Weise das JUZ als &#8220;linksextrem&#8221; an und versuchten uns als eine Gefahr f\u00fcr die Gesellschaft darzustellen. Um diesem Bl\u00f6dsinn der CDU etwas entgegen zu setzen und zu erkl\u00e4ren, wo wir Gefahren f\u00fcr die Gesellschaft verorten, haben wir gemeinsam mit INPUT Mannheim\/Heidelberg und unterst\u00fctzt vom<\/p>\n<p><a class=\"excerpt-more blog-excerpt\" href=\"https:\/\/juz-mannheim.de\/en\/veranstaltungsreihe-juzinputdgb\/\">&#8230;mehr<\/a><\/p>\n","protected":false},"author":1,"featured_media":0,"parent":0,"menu_order":0,"comment_status":"closed","ping_status":"closed","template":"","meta":{"footnotes":""},"class_list":["post-3410","page","type-page","status-publish","hentry"],"translation":{"provider":"WPGlobus","version":"3.0.2","language":"en","enabled_languages":["de","en"],"languages":{"de":{"title":true,"content":true,"excerpt":false},"en":{"title":false,"content":false,"excerpt":false}}},"_links":{"self":[{"href":"https:\/\/juz-mannheim.de\/en\/wp-json\/wp\/v2\/pages\/3410","targetHints":{"allow":["GET"]}}],"collection":[{"href":"https:\/\/juz-mannheim.de\/en\/wp-json\/wp\/v2\/pages"}],"about":[{"href":"https:\/\/juz-mannheim.de\/en\/wp-json\/wp\/v2\/types\/page"}],"author":[{"embeddable":true,"href":"https:\/\/juz-mannheim.de\/en\/wp-json\/wp\/v2\/users\/1"}],"replies":[{"embeddable":true,"href":"https:\/\/juz-mannheim.de\/en\/wp-json\/wp\/v2\/comments?post=3410"}],"version-history":[{"count":4,"href":"https:\/\/juz-mannheim.de\/en\/wp-json\/wp\/v2\/pages\/3410\/revisions"}],"predecessor-version":[{"id":3427,"href":"https:\/\/juz-mannheim.de\/en\/wp-json\/wp\/v2\/pages\/3410\/revisions\/3427"}],"wp:attachment":[{"href":"https:\/\/juz-mannheim.de\/en\/wp-json\/wp\/v2\/media?parent=3410"}],"curies":[{"name":"wp","href":"https:\/\/api.w.org\/{rel}","templated":true}]}}