{"id":3378,"date":"2018-04-19T12:52:47","date_gmt":"2018-04-19T10:52:47","guid":{"rendered":"http:\/\/juz-mannheim.de\/?page_id=3378"},"modified":"2018-05-22T14:25:55","modified_gmt":"2018-05-22T12:25:55","slug":"nachttanzdemo","status":"publish","type":"page","link":"https:\/\/juz-mannheim.de\/en\/nachttanzdemo\/","title":{"rendered":"Nachttanzdemo und Abschlussparty im JUZ am 02.06.2018"},"content":{"rendered":"<p>An unserem Geburtstag m\u00f6chten wir gerne auch etwas zur\u00fcck geben und den Fokus auf die Personen und Gruppen richten, die durch ihre Unterst\u00fctzung und Mitarbeit das JUZ erst erm\u00f6glichen und durch unz\u00e4hligen Veranstaltungen mit Leben f\u00fcllen.<br \/>\nDeshalb machen wir etwas was Menschen verbindet und was wir glauben ganz gut zu k\u00f6nnen. <strong>Wir feiern am Samstag den 02.06.2018!<\/strong><\/p>\n<p><strong>\u2776 Ab 18 Uhr, Start Hbf Mannheim: Nachttanzdemo <\/strong><br \/>\n<strong> \u2777 Im Anschluss (22 Uhr): Party im <a href=\"https:\/\/www.facebook.com\/juzmannheim\/\" target=\"_blank\">JUZ Mannheim<\/a><\/strong><\/p>\n<p>Wir feiern 45 Jahre JUZ! F\u00fcr Vielfalt, Kommunikation, Kreativit\u00e4t und Partizipation!<br \/>\n1973 wurde das JUZ von Jugendlichen, die nirgendwo in der Stadt einen geeigneten Treffpunkt hatten, erk\u00e4mpft. Daraus ist ein Ort f\u00fcr unkommerzielle Kunst, (Gegen-)Kultur und autonome Politik entstanden, der schon seit 45 Jahren zeigt, dass es auch anders gehen kann. Das wollen wir mit einer Nachttanzdemo feiern und gleichzeitig unsere Solidarit\u00e4t an alle Freir\u00e4ume aussenden, die gerade (wie das JUZ erst vor kurzem) um ihre Existenz bangen oder erst noch erk\u00e4mpft werden m\u00fcssen.<\/p>\n<p><strong>\u2776 NACHTTANZDEMO mit W\u00e4gen von:<\/strong><\/p>\n<p>\u27bd <a href=\"https:\/\/www.facebook.com\/juzmannheim\/\">JUZ Mannheim<\/a> &#8211; Punk &amp; Co.<br \/>\n\u27bd <a href=\"https:\/\/www.facebook.com\/kollektivrotersternenfunke\/\">Kollektiv Roter Sternenfunke<\/a> &#8211; Techno &amp; Electronica (mit <a href=\"https:\/\/www.facebook.com\/flowrescence\/\">Flowrescence<\/a> &amp; <a href=\"https:\/\/www.facebook.com\/Spiegelmacher\/\">Spiegelmacher<\/a>)<br \/>\n\u27bd <a href=\"https:\/\/www.facebook.com\/welttraumpsytrance\/\">WeltTraum<\/a> &#8211; Goa &amp; Psytrance (mit <a href=\"https:\/\/www.facebook.com\/Siebenschlaefer7\/\">Siebenschl\u00e6fer<\/a>)<br \/>\n\u27bd <a href=\"https:\/\/www.facebook.com\/ILRheinNeckar\/\">Interventionistische Linke Rhein-Neckar<\/a> &#8211; Hip-Hop &amp; Pop (mit\u00a0Mean Grrrls)<\/p>\n<p><strong>\u2777 ABSCHLUSSPARTY IM <a href=\"https:\/\/www.facebook.com\/juzmannheim\/\">JUZ Mannheim<\/a>:<\/strong><\/p>\n<p>CAF\u00c9 (ab 22 Uhr): Drum &#8216;n Bass \/ Bassmusik \/ Beatz<br \/>\n\u27bd <a href=\"https:\/\/www.facebook.com\/thetomhook\/\" target=\"_blank\">Tom Hook<\/a><br \/>\n(<a href=\"https:\/\/l.facebook.com\/l.php?u=https%3A%2F%2Fsoundcloud.com%2Ftomhook&amp;h=ATN_h8ck3gJfm3okey6oR8M0dz5Nechd4wQrMiGkH4UcrN7rX7oeebkXpcaCBtOmK44ZjXwy8R3VaGVRqrILojf5O2iGIyfcR2gMdJ_ei2M4_uCLfVK7vZWfcUUKTPtlGo1EhUSuYrvRSEkA_mvPesE41Mw\" target=\"_blank\" rel=\"nofollow\" data-lynx-mode=\"async\">https:\/\/soundcloud.com\/<wbr \/>tomhook<\/a>)<br \/>\n\u27bd DJewelz &amp; Kyrill-Riot Bpm<br \/>\n(<a href=\"https:\/\/l.facebook.com\/l.php?u=https%3A%2F%2Fsoundcloud.com%2Fd-jewelz&amp;h=ATOCpBVJVGuUjOv2UR1AS84oHi6i17cpMfGTElQJs2J8iDGd9fHpLMxH8uFFAusyKwndhbiMtxBDT21N61g7w4r98iwwszX1yK4tIc0_m_K1uGOTN-cQrWihpFNnODAVZDdGpnsimVNWEg\" target=\"_blank\" rel=\"nofollow\" data-lynx-mode=\"asynclazy\">https:\/\/soundcloud.com\/<wbr \/>d-jewelz<\/a>)<br \/>\n(<a href=\"https:\/\/l.facebook.com\/l.php?u=https%3A%2F%2Fsoundcloud.com%2Fkyrill-riot_bpm&amp;h=ATOO6ie5iTp9M4DJRxWDjaKHLZVJkMJZii6WyXF2sWNtYOX3Vsr3u7D0XA05L6u2CdwAhv439gtrXpF2_m4NQhyirXIv-lkbxSOCxZ6OyNuBs7R3XX8P2x4GVFvOFIPVw0tPuRITPb7MrA\" target=\"_blank\" rel=\"nofollow\" data-lynx-mode=\"asynclazy\">https:\/\/soundcloud.com\/<wbr \/>kyrill-riot_bpm<\/a>)<br \/>\n\u27bd <a href=\"https:\/\/www.facebook.com\/selimhexx\/\">SELIM HEX<\/a><br \/>\n(<a href=\"https:\/\/l.facebook.com\/l.php?u=https%3A%2F%2Fsoundcloud.com%2Fcallmy777&amp;h=ATMdfHcbusyS1rwSrnXFYpRYGsB-qKjk7COtAR9Kb4YommnVF0jn92hVhVPyZaAbjHJykWLGGIfoOMK6p-XG7VXlVGsfxplFKNDpXOBRPwQd1U4J9CIXQjdM0KtXMVSIH410KvVtCYrArg\" target=\"_blank\" rel=\"nofollow\" data-lynx-mode=\"asynclazy\">https:\/\/soundcloud.com\/<wbr \/>callmy777<\/a>)<br \/>\n\u27bd Kathleen Napoli<\/p>\n<p>G\u00dcNTER-SARE-SAAL (ab 24 Uhr): Techno &amp; Electronica mit dem <a href=\"https:\/\/www.facebook.com\/kollektivrotersternenfunke\/\" target=\"_blank\">Kollektiv Roter Sternenfunke<\/a><br \/>\n\u27bd <a href=\"https:\/\/www.facebook.com\/joix.music\/\" target=\"_blank\">JOIX<\/a> (live)<br \/>\n(<a href=\"https:\/\/l.facebook.com\/l.php?u=https%3A%2F%2Fsoundcloud.com%2Fjoix&amp;h=ATMqXUR5pBp9qyiG8g9crDHLZGUSwRMz0WFCqCNGRzCVsAGJZ8W3HozkQGbcHY4ukDX1r1fMOndKCsi7llu8VCMELpr1XPMofnA-997n7UrftfbW6lpcEPDdJssM9HWEhEWBCizk0cmovA\" target=\"_blank\" rel=\"nofollow\" data-lynx-mode=\"asynclazy\">https:\/\/soundcloud.com\/<wbr \/>joix<\/a>)<br \/>\n\u27bd Gordon Cole<br \/>\n(<a href=\"https:\/\/soundcloud.com\/gordon_cole\" target=\"_blank\" rel=\"nofollow\" data-lynx-mode=\"asynclazy\" data-lynx-uri=\"https:\/\/l.facebook.com\/l.php?u=https%3A%2F%2Fsoundcloud.com%2Fgordon_cole&amp;h=ATNRCuKlu-zLMkn9uO2nRRmX_E--RM-cAVydRaRTMkZgEdPWZOZhMLcB2KnOa8qJdedTMF3HuqSP_7gflZNDMcCC_FwVX2TLdmiNRVkDHZYcr8ZjPdWBmpKJc3o70tleKdTQS8gYh7OwFw\">https:\/\/soundcloud.com\/<wbr \/>gordon_cole<\/a>)<br \/>\n\u27bd J. Kazimierz<br \/>\n(<a href=\"https:\/\/soundcloud.com\/j-kazimierz\" target=\"_blank\" rel=\"nofollow\" data-lynx-mode=\"asynclazy\" data-lynx-uri=\"https:\/\/l.facebook.com\/l.php?u=https%3A%2F%2Fsoundcloud.com%2Fj-kazimierz&amp;h=ATMBL0JB-b_SzhAt0-R8pI3eC9PzBrNI4F46BUZiaGqbiEQsTjwZea7iNOQhgxyHKph511olS1uzVfHADc9VJnQ9V7hMwAtLIaZEScwp1XZwKBoSa0K3CC_aeFkVtkue6JQDw33cc6Gicg\">https:\/\/soundcloud.com\/<wbr \/>j-kazimierz<\/a>)<\/p>\n<p>Auf der Demo wie auf der Party gilt:<br \/>\nWir wollen, dass bei uns alle angstfrei Spa\u00df haben k\u00f6nnen. Rassistisches, antisemitisches, sexistisches, homophobes und anderweitig bescheuertes und bedrohliches Verhalten werden wir nicht tolerieren.<br \/>\nWenn ihr also \u00dcbergriffe oder dumme Anmachen mitbekommt, dann mischt euch ein und sagt uns Bescheid.<\/p>\n","protected":false},"excerpt":{"rendered":"<p>An unserem Geburtstag m\u00f6chten wir gerne auch etwas zur\u00fcck geben und den Fokus auf die Personen und Gruppen richten, die durch ihre Unterst\u00fctzung und Mitarbeit das JUZ erst erm\u00f6glichen und durch unz\u00e4hligen Veranstaltungen mit Leben f\u00fcllen. Deshalb machen wir etwas was Menschen verbindet und was wir glauben ganz gut zu k\u00f6nnen. Wir feiern am Samstag den 02.06.2018! \u2776 Ab 18 Uhr, Start Hbf Mannheim: Nachttanzdemo \u2777 Im Anschluss (22 Uhr): Party im JUZ Mannheim Wir feiern 45 Jahre JUZ! F\u00fcr Vielfalt, Kommunikation, Kreativit\u00e4t und Partizipation! 1973 wurde das JUZ von Jugendlichen, die nirgendwo in der Stadt einen geeigneten Treffpunkt hatten,<\/p>\n<p><a class=\"excerpt-more blog-excerpt\" href=\"https:\/\/juz-mannheim.de\/en\/nachttanzdemo\/\">&#8230;mehr<\/a><\/p>\n","protected":false},"author":1,"featured_media":0,"parent":0,"menu_order":0,"comment_status":"closed","ping_status":"closed","template":"","meta":{"footnotes":""},"class_list":["post-3378","page","type-page","status-publish","hentry"],"translation":{"provider":"WPGlobus","version":"3.0.2","language":"en","enabled_languages":["de","en"],"languages":{"de":{"title":true,"content":true,"excerpt":false},"en":{"title":false,"content":false,"excerpt":false}}},"_links":{"self":[{"href":"https:\/\/juz-mannheim.de\/en\/wp-json\/wp\/v2\/pages\/3378","targetHints":{"allow":["GET"]}}],"collection":[{"href":"https:\/\/juz-mannheim.de\/en\/wp-json\/wp\/v2\/pages"}],"about":[{"href":"https:\/\/juz-mannheim.de\/en\/wp-json\/wp\/v2\/types\/page"}],"author":[{"embeddable":true,"href":"https:\/\/juz-mannheim.de\/en\/wp-json\/wp\/v2\/users\/1"}],"replies":[{"embeddable":true,"href":"https:\/\/juz-mannheim.de\/en\/wp-json\/wp\/v2\/comments?post=3378"}],"version-history":[{"count":5,"href":"https:\/\/juz-mannheim.de\/en\/wp-json\/wp\/v2\/pages\/3378\/revisions"}],"predecessor-version":[{"id":3418,"href":"https:\/\/juz-mannheim.de\/en\/wp-json\/wp\/v2\/pages\/3378\/revisions\/3418"}],"wp:attachment":[{"href":"https:\/\/juz-mannheim.de\/en\/wp-json\/wp\/v2\/media?parent=3378"}],"curies":[{"name":"wp","href":"https:\/\/api.w.org\/{rel}","templated":true}]}}