{"id":3372,"date":"2018-04-19T12:39:55","date_gmt":"2018-04-19T10:39:55","guid":{"rendered":"http:\/\/juz-mannheim.de\/?page_id=3372"},"modified":"2018-04-19T12:40:43","modified_gmt":"2018-04-19T10:40:43","slug":"27-5-tag-der-offenen-tur","status":"publish","type":"page","link":"https:\/\/juz-mannheim.de\/en\/27-5-tag-der-offenen-tur\/","title":{"rendered":"27.5 Tag der offenen T\u00fcr"},"content":{"rendered":"<style type=\"text\/css\"><!--\n@page { margin: 2cm }\n\t\tp { margin-bottom: 0.25cm; line-height: 120% }\n--><\/style>\n<p>Im Rahmen der Aktionsmonate zum 45-j\u00e4hrigen Bestehen des JUZ Mannheim ist es an der Zeit, unsere T\u00fcr f\u00fcr Sie und euch zu \u00f6ffnen. Deshalb laden wir recht herzlich zum Tag der offenen T\u00fcr am 27.05.2018 ab 12:00 Uhr ins Jugendzentrum in Selbstverwaltung Friedrich D\u00fcrr ein.<\/p>\n<p>Die Aktiven im JUZ sind in unterschiedlichen Fachschaften organisiert und gestalten durch ihre Mitarbeit das Programm und den Alltag im JUZ. Somit entsteht ein im Rhein-Neckar-Gebiet einmaliges Freizeit- und Bildungsangebot, welches auf Selbstverwaltung, freiwilliges Engagement und Basisdemokratie setzt. Wer erfahren m\u00f6chte, wie diese Selbstverwaltung ganz praktisch aussieht, ist gerne auch bereits um 11:00 Uhr zur \u00f6ffentlichen Vollversammlung eingeladen. Am Tag der offenen T\u00fcr werden die JUZis ihre Arbeit mit praktischen Workshops, spannenden Vortr\u00e4gen, leckerem Essen, Hausf\u00fchrungen und vielem mehr vorstellen. Au\u00dferdem stehen sie den ganzen Tag \u00fcber f\u00fcr Fragen und Informationen bereit.<\/p>\n<p>&nbsp;<\/p>\n<p>Vorl\u00e4ufiges Programm:<\/p>\n<p>11:00 Uhr \u00d6ffentliche VV (Vollversammlung)<\/p>\n<p>12:00 Uhr Begr\u00fc\u00dfung<\/p>\n<p>12:30 Uhr Hausf\u00fchrung \/\/ Graffiti-Workshop<\/p>\n<p>13:30 Uhr Vortrag \u201eLinksextremismus als wirksamer politischer Kampfbegriff\u201c (Jennifer Stange)<\/p>\n<p>15:30 Uhr Hausf\u00fchrung \/\/ Yoga<\/p>\n<p>16:30 Uhr Selbstverteidigungsworkshop f\u00fcr Frauen*<\/p>\n<p>17:30 Uhr Hausf\u00fchrung<\/p>\n<p>18:30 Uhr Vortrag \u201eGeschichte der Jugendzentrumsbewegung\u201c (Daniel Katzenmeier)<\/p>\n<p>21:00 Uhr Konzert<\/p>\n<p>&nbsp;<\/p>\n<p>F\u00fcr die kleineren G\u00e4ste wird es ab 12:00 Uhr ein extra Programm mit Buttons basteln und Gesichtsbemalung geben. Auch f\u00fcr Erwachsene gibt es an kleinen Stationen Mitmachangebote.<br \/>\nDie K\u00fcchenfachschaft k\u00fcmmert sich darum, dass niemand hungrig bleibt. Nachmittags wird es auch ein Kuchenbuffet geben \u2013 wir freuen uns sehr \u00fcber Kuchenspenden!<br \/>\nIm Hinterhof wird den ganzen Nachmittag \u00fcber geskatet \u2013 ihr d\u00fcrft gerne mitmachen! Bitte eigene Bretter mitbringen.<\/p>\n<p><a href=\"http:\/\/juz-mannheim.de\/wp-content\/uploads\/2018\/04\/juz_45_logo_rot.jpg\"><img loading=\"lazy\" decoding=\"async\" class=\"alignleft size-medium wp-image-3357\" alt=\"Druck\" src=\"http:\/\/juz-mannheim.de\/wp-content\/uploads\/2018\/04\/juz_45_logo_rot-175x300.jpg\" width=\"175\" height=\"300\" srcset=\"https:\/\/juz-mannheim.de\/wp-content\/uploads\/2018\/04\/juz_45_logo_rot-175x300.jpg 175w, https:\/\/juz-mannheim.de\/wp-content\/uploads\/2018\/04\/juz_45_logo_rot.jpg 1350w\" sizes=\"auto, (max-width: 175px) 100vw, 175px\" \/><\/a><\/p>\n<p>Wir freuen uns, viele von Ihnen\/euch am 27.05. zu sehen!<\/p>\n","protected":false},"excerpt":{"rendered":"<p>Im Rahmen der Aktionsmonate zum 45-j\u00e4hrigen Bestehen des JUZ Mannheim ist es an der Zeit, unsere T\u00fcr f\u00fcr Sie und euch zu \u00f6ffnen. Deshalb laden wir recht herzlich zum Tag der offenen T\u00fcr am 27.05.2018 ab 12:00 Uhr ins Jugendzentrum in Selbstverwaltung Friedrich D\u00fcrr ein. Die Aktiven im JUZ sind in unterschiedlichen Fachschaften organisiert und gestalten durch ihre Mitarbeit das Programm und den Alltag im JUZ. Somit entsteht ein im Rhein-Neckar-Gebiet einmaliges Freizeit- und Bildungsangebot, welches auf Selbstverwaltung, freiwilliges Engagement und Basisdemokratie setzt. Wer erfahren m\u00f6chte, wie diese Selbstverwaltung ganz praktisch aussieht, ist gerne auch bereits um 11:00 Uhr zur<\/p>\n<p><a class=\"excerpt-more blog-excerpt\" href=\"https:\/\/juz-mannheim.de\/en\/27-5-tag-der-offenen-tur\/\">&#8230;mehr<\/a><\/p>\n","protected":false},"author":1,"featured_media":3357,"parent":0,"menu_order":0,"comment_status":"closed","ping_status":"closed","template":"","meta":{"footnotes":""},"class_list":["post-3372","page","type-page","status-publish","has-post-thumbnail","hentry"],"translation":{"provider":"WPGlobus","version":"3.0.2","language":"en","enabled_languages":["de","en"],"languages":{"de":{"title":true,"content":true,"excerpt":false},"en":{"title":false,"content":false,"excerpt":false}}},"_links":{"self":[{"href":"https:\/\/juz-mannheim.de\/en\/wp-json\/wp\/v2\/pages\/3372","targetHints":{"allow":["GET"]}}],"collection":[{"href":"https:\/\/juz-mannheim.de\/en\/wp-json\/wp\/v2\/pages"}],"about":[{"href":"https:\/\/juz-mannheim.de\/en\/wp-json\/wp\/v2\/types\/page"}],"author":[{"embeddable":true,"href":"https:\/\/juz-mannheim.de\/en\/wp-json\/wp\/v2\/users\/1"}],"replies":[{"embeddable":true,"href":"https:\/\/juz-mannheim.de\/en\/wp-json\/wp\/v2\/comments?post=3372"}],"version-history":[{"count":3,"href":"https:\/\/juz-mannheim.de\/en\/wp-json\/wp\/v2\/pages\/3372\/revisions"}],"predecessor-version":[{"id":3375,"href":"https:\/\/juz-mannheim.de\/en\/wp-json\/wp\/v2\/pages\/3372\/revisions\/3375"}],"wp:featuredmedia":[{"embeddable":true,"href":"https:\/\/juz-mannheim.de\/en\/wp-json\/wp\/v2\/media\/3357"}],"wp:attachment":[{"href":"https:\/\/juz-mannheim.de\/en\/wp-json\/wp\/v2\/media?parent=3372"}],"curies":[{"name":"wp","href":"https:\/\/api.w.org\/{rel}","templated":true}]}}