{"id":273,"date":"2012-09-13T15:54:31","date_gmt":"2012-09-13T13:54:31","guid":{"rendered":"http:\/\/juz-mannheim.de\/juz\/?page_id=273"},"modified":"2026-02-05T17:46:54","modified_gmt":"2026-02-05T16:46:54","slug":"fahrrad-fachschaft","status":"publish","type":"page","link":"https:\/\/juz-mannheim.de\/en\/fachschaften\/fahrrad-fachschaft\/","title":{"rendered":"Fahrrad-Fachschaft"},"content":{"rendered":"\n<h4 class=\"wp-block-heading has-text-align-center\"><\/h4>\n\n\n<p style=\"text-align: justify;\" align=\"JUSTIFY\"><img loading=\"lazy\" decoding=\"async\" class=\"alignleft\" src=\"http:\/\/juz-mannheim.de\/wp-content\/uploads\/2012\/09\/20140519-DSC_7113-300x228.jpg\" alt=\"http:\/\/juz-mannheim.de\/wp-content\/uploads\/2012\/09\/20140519-DSC_7113-300x228.jpg\" width=\"300\" height=\"228\" \/><\/p>\n<p><span style=\"font-family: DejaVu Sans, sans-serif;\">Dauerplatten, Achter, keine Ahnung? Die Fahrrad-Fachschaft bietet an jedem zweiten Sonntag im Monat zwischen 13 und 17 Uhr die <\/span><strong><span style=\"font-family: DejaVu Sans, sans-serif;\">Offene Fahrrad-Werkstatt<\/span><\/strong><span style=\"font-family: DejaVu Sans, sans-serif;\"> an. Da k\u00f6nnt ihr eure Drahtesel bei uns reparieren. Wir stellen euch das Werkzeug und stehen euch auch mit Tipps und Rat zur Seite, ganz nach dem Motto \u201eHilfe zur Selbsthilfe\u201c.<\/span><\/p>\n<p><span style=\"font-family: DejaVu Sans, sans-serif;\">Habt ihr Fragen oder wollt bei der Fahrrad-Fachschaft mitmachen? Dann schreibt uns an fahrradworkshop(\u00e4tt)juz(minus)mannheim(punkt)de<\/span><\/p>\n<p><strong>\u00a0<\/strong><\/p>\n<p><span style=\"font-family: DejaVu Sans, sans-serif;\">Wir sind auf <strong>Fahrradspenden<\/strong> angewiesen. Wie kann man uns Radspenden zukommen lassen?<\/span><\/p>\n<p><span style=\"font-family: DejaVu Sans, sans-serif;\">1. Einfach das Rad vor dem JUZ Eingang an die Gel\u00e4nder anschlie\u00dfen und den Schl\u00fcssel bzw. die Zahlenkombination (Zahlenschloss) in den Briefkasten werfen.<br \/>2. Zu den \u00fcblichen B\u00fcrozeiten, siehe unten, vorbeikommen und das Rad dem B\u00fcroteam \u00fcbergeben. Es empfiehlt sich zuvor anzurufen, damit auch wirklich jemand vor Ort ist.<br \/>3. Der zweite Sonntag jedes Monats ist Werkstatttermin zwischen 13.00 und 17.00 Uhr. Kommen Sie einfach zur Hofabfahrt, hinten. Ist dann auch ausgeschildert.<br \/>4. Es gibt auch noch die M\u00f6glichkeit per Mail mit uns einen Abgabetermin zu vereinbaren an <\/span><span style=\"font-family: DejaVu Sans, sans-serif;\">fahrradworkshop(\u00e4tt)juz(minus)mannheim(punkt)de<br \/>Bei mehreren R\u00e4dern finden wir eine individuelle L\u00f6sung.<\/span><\/p>\n<p><span style=\"font-family: DejaVu Sans, sans-serif;\">B\u00fcro\u00f6ffnungszeiten (zuvor anrufen)<br \/>Montag 14.00 \u2013 18.00 Uhr<br \/>Dienstag 9.00 \u2013 13.00 Uhr und 14.00 &#8211; 18.00 Uhr<br \/>Mittwoch 12.00 \u2013 16.00 Uhr<br \/>Donnerstag 9.00 \u2013 13.00 Uhr und 14.00 &#8211; 18.00 Uhr<br \/>B\u00fcro Telefon 06 21 \u2013 30 51 44 <br \/><\/span><\/p>","protected":false},"excerpt":{"rendered":"<p>Dauerplatten, Achter, keine Ahnung? Die Fahrrad-Fachschaft bietet an jedem zweiten Sonntag im Monat zwischen 13 und 17 Uhr die Offene Fahrrad-Werkstatt an. Da k\u00f6nnt ihr eure Drahtesel bei uns reparieren. Wir stellen euch das Werkzeug und stehen euch auch mit Tipps und Rat zur Seite, ganz nach dem Motto \u201eHilfe zur Selbsthilfe\u201c. Habt ihr Fragen oder wollt bei der Fahrrad-Fachschaft mitmachen? Dann schreibt uns an fahrradworkshop(\u00e4tt)juz(minus)mannheim(punkt)de \u00a0 Wir sind auf Fahrradspenden angewiesen. Wie kann man uns Radspenden zukommen lassen? 1. Einfach das Rad vor dem JUZ Eingang an die Gel\u00e4nder anschlie\u00dfen und den Schl\u00fcssel bzw. die Zahlenkombination (Zahlenschloss) in den<\/p>\n<p><a class=\"excerpt-more blog-excerpt\" href=\"https:\/\/juz-mannheim.de\/en\/fachschaften\/fahrrad-fachschaft\/\">&#8230;mehr<\/a><\/p>\n","protected":false},"author":1,"featured_media":1630,"parent":137,"menu_order":14,"comment_status":"closed","ping_status":"closed","template":"","meta":{"footnotes":""},"class_list":["post-273","page","type-page","status-publish","has-post-thumbnail","hentry"],"translation":{"provider":"WPGlobus","version":"3.0.2","language":"en","enabled_languages":["de","en"],"languages":{"de":{"title":true,"content":true,"excerpt":false},"en":{"title":false,"content":false,"excerpt":false}}},"_links":{"self":[{"href":"https:\/\/juz-mannheim.de\/en\/wp-json\/wp\/v2\/pages\/273","targetHints":{"allow":["GET"]}}],"collection":[{"href":"https:\/\/juz-mannheim.de\/en\/wp-json\/wp\/v2\/pages"}],"about":[{"href":"https:\/\/juz-mannheim.de\/en\/wp-json\/wp\/v2\/types\/page"}],"author":[{"embeddable":true,"href":"https:\/\/juz-mannheim.de\/en\/wp-json\/wp\/v2\/users\/1"}],"replies":[{"embeddable":true,"href":"https:\/\/juz-mannheim.de\/en\/wp-json\/wp\/v2\/comments?post=273"}],"version-history":[{"count":35,"href":"https:\/\/juz-mannheim.de\/en\/wp-json\/wp\/v2\/pages\/273\/revisions"}],"predecessor-version":[{"id":5159,"href":"https:\/\/juz-mannheim.de\/en\/wp-json\/wp\/v2\/pages\/273\/revisions\/5159"}],"up":[{"embeddable":true,"href":"https:\/\/juz-mannheim.de\/en\/wp-json\/wp\/v2\/pages\/137"}],"wp:featuredmedia":[{"embeddable":true,"href":"https:\/\/juz-mannheim.de\/en\/wp-json\/wp\/v2\/media\/1630"}],"wp:attachment":[{"href":"https:\/\/juz-mannheim.de\/en\/wp-json\/wp\/v2\/media?parent=273"}],"curies":[{"name":"wp","href":"https:\/\/api.w.org\/{rel}","templated":true}]}}