{"id":271,"date":"2012-09-13T15:50:41","date_gmt":"2012-09-13T13:50:41","guid":{"rendered":"http:\/\/juz-mannheim.de\/juz\/?page_id=271"},"modified":"2015-08-26T16:16:27","modified_gmt":"2015-08-26T14:16:27","slug":"freiraumcafe-fachschaft","status":"publish","type":"page","link":"https:\/\/juz-mannheim.de\/en\/fachschaften\/freiraumcafe-fachschaft\/","title":{"rendered":"Freiraumcaf\u00e9-Fachschaft"},"content":{"rendered":"<p style=\"text-align: justify;\" align=\"JUSTIFY\"><span style=\"font-family: Arial,sans-serif;\">Zwei Mal w\u00f6chentlich schmei\u00dft diese Fachschaft das Freiraum-Caf\u00e9: <span style=\"font-family: Arial,Helvetica,sans-serif;\">Rumh\u00e4ngen, quatschen, Spa\u00df haben, Billiard\/Kicker spielen&#8230; und das alles bei g\u00fcnstigen Getr\u00e4nkepreisen aber trotzdem ohne Konsumzwang.<\/span> <\/span><\/p>\n<p>Habt ihr Fragen oder wollt bei der Freiraumcaf\u00e9-Fachschaft mitmachen? Dann schreibt uns an cafe(minus)fachschaft(\u00e4tt)juz(minus)mannheim(punkt)de<\/p>\n","protected":false},"excerpt":{"rendered":"<p>Zwei Mal w\u00f6chentlich schmei\u00dft diese Fachschaft das Freiraum-Caf\u00e9: Rumh\u00e4ngen, quatschen, Spa\u00df haben, Billiard\/Kicker spielen&#8230; und das alles bei g\u00fcnstigen Getr\u00e4nkepreisen aber trotzdem ohne Konsumzwang. Habt ihr Fragen oder wollt bei der Freiraumcaf\u00e9-Fachschaft mitmachen? Dann schreibt uns an cafe(minus)fachschaft(\u00e4tt)juz(minus)mannheim(punkt)de<\/p>\n","protected":false},"author":1,"featured_media":0,"parent":137,"menu_order":13,"comment_status":"closed","ping_status":"closed","template":"","meta":{"footnotes":""},"class_list":["post-271","page","type-page","status-publish","hentry"],"translation":{"provider":"WPGlobus","version":"3.0.2","language":"en","enabled_languages":["de","en"],"languages":{"de":{"title":true,"content":true,"excerpt":false},"en":{"title":false,"content":false,"excerpt":false}}},"_links":{"self":[{"href":"https:\/\/juz-mannheim.de\/en\/wp-json\/wp\/v2\/pages\/271","targetHints":{"allow":["GET"]}}],"collection":[{"href":"https:\/\/juz-mannheim.de\/en\/wp-json\/wp\/v2\/pages"}],"about":[{"href":"https:\/\/juz-mannheim.de\/en\/wp-json\/wp\/v2\/types\/page"}],"author":[{"embeddable":true,"href":"https:\/\/juz-mannheim.de\/en\/wp-json\/wp\/v2\/users\/1"}],"replies":[{"embeddable":true,"href":"https:\/\/juz-mannheim.de\/en\/wp-json\/wp\/v2\/comments?post=271"}],"version-history":[{"count":5,"href":"https:\/\/juz-mannheim.de\/en\/wp-json\/wp\/v2\/pages\/271\/revisions"}],"predecessor-version":[{"id":283,"href":"https:\/\/juz-mannheim.de\/en\/wp-json\/wp\/v2\/pages\/271\/revisions\/283"}],"up":[{"embeddable":true,"href":"https:\/\/juz-mannheim.de\/en\/wp-json\/wp\/v2\/pages\/137"}],"wp:attachment":[{"href":"https:\/\/juz-mannheim.de\/en\/wp-json\/wp\/v2\/media?parent=271"}],"curies":[{"name":"wp","href":"https:\/\/api.w.org\/{rel}","templated":true}]}}