{"id":265,"date":"2012-09-13T15:42:50","date_gmt":"2012-09-13T13:42:50","guid":{"rendered":"http:\/\/juz-mannheim.de\/juz\/?page_id=265"},"modified":"2018-03-08T10:57:41","modified_gmt":"2018-03-08T09:57:41","slug":"garten-fachschaft","status":"publish","type":"page","link":"https:\/\/juz-mannheim.de\/en\/fachschaften\/garten-fachschaft\/","title":{"rendered":"Garten-Fachschaft"},"content":{"rendered":"<p align=\"JUSTIFY\"><span style=\"font-family: Arial,sans-serif;\"><a href=\"http:\/\/juz-mannheim.de\/?attachment_id=1643\" rel=\"attachment wp-att-1643\"><img loading=\"lazy\" decoding=\"async\" class=\"alignleft size-medium wp-image-1643\" alt=\"screenshot-www dropbox com 2014-07-31 13-52-15\" src=\"http:\/\/juz-mannheim.de\/wp-content\/uploads\/2012\/09\/screenshot-www-dropbox-com-2014-07-31-13-52-15-300x200.png\" width=\"300\" height=\"200\" srcset=\"https:\/\/juz-mannheim.de\/wp-content\/uploads\/2012\/09\/screenshot-www-dropbox-com-2014-07-31-13-52-15-300x200.png 300w, https:\/\/juz-mannheim.de\/wp-content\/uploads\/2012\/09\/screenshot-www-dropbox-com-2014-07-31-13-52-15.png 849w\" sizes=\"auto, (max-width: 300px) 100vw, 300px\" \/><\/a><strong><\/strong>In enger Zusammenarbeit mit der K\u00fcchenfachschaft k\u00fcmmert sich die Gartenfachschaft um die Versorgung mit Bio-Rohstoffen zum Kochen. Mit dem Gem\u00fcse- und Kr\u00e4uteranbau geht es nat\u00fcrlich nicht nur darum etwas zu futtern haben und die Geschmacksknospen der JUZ-ies zu begl\u00fccken, sondern auch um eine gr\u00f6\u00dftm\u00f6gliche Unabh\u00e4ngigkeit von profitorientierte Handelsketten auf der Do-it-Yourself Basis. Wir glauben, dass eine politische und soziale Emanzipazion undenkbar ist, ohne Wege zu finden sich von den b\u00fcrgerlichen Strukturen zu trennen und zum Landbau zur\u00fcckzukehren.<\/span><\/p>\n<p>Zurzeit organisieren wir Grillparties und Barbecues aus unsererm Garten und interessieren uns f\u00fcr innovative, effektive und umweltfreundliche Methoden der Gartenarbeit. In unserem Garten bauen wir alles nach den Prinzipien der Bio-Landwirtschaft an. Wir sind eine offene Gruppe und jede_r, der in Gartenanbau teilnehmen m\u00f6chte, ist nat\u00fcrlich herzlich willkommen.<\/p>\n<p>Kontaktiert uns gerne \u00fcber unsere Mailadresse: garten.fachschaft@juz-mannheim.de<\/p>\n","protected":false},"excerpt":{"rendered":"<p>In enger Zusammenarbeit mit der K\u00fcchenfachschaft k\u00fcmmert sich die Gartenfachschaft um die Versorgung mit Bio-Rohstoffen zum Kochen. Mit dem Gem\u00fcse- und Kr\u00e4uteranbau geht es nat\u00fcrlich nicht nur darum etwas zu futtern haben und die Geschmacksknospen der JUZ-ies zu begl\u00fccken, sondern auch um eine gr\u00f6\u00dftm\u00f6gliche Unabh\u00e4ngigkeit von profitorientierte Handelsketten auf der Do-it-Yourself Basis. Wir glauben, dass eine politische und soziale Emanzipazion undenkbar ist, ohne Wege zu finden sich von den b\u00fcrgerlichen Strukturen zu trennen und zum Landbau zur\u00fcckzukehren. Zurzeit organisieren wir Grillparties und Barbecues aus unsererm Garten und interessieren uns f\u00fcr innovative, effektive und umweltfreundliche Methoden der Gartenarbeit. In unserem Garten<\/p>\n<p><a class=\"excerpt-more blog-excerpt\" href=\"https:\/\/juz-mannheim.de\/en\/fachschaften\/garten-fachschaft\/\">&#8230;mehr<\/a><\/p>\n","protected":false},"author":1,"featured_media":0,"parent":137,"menu_order":11,"comment_status":"closed","ping_status":"closed","template":"","meta":{"footnotes":""},"class_list":["post-265","page","type-page","status-publish","hentry"],"translation":{"provider":"WPGlobus","version":"3.0.2","language":"en","enabled_languages":["de","en"],"languages":{"de":{"title":true,"content":true,"excerpt":false},"en":{"title":false,"content":false,"excerpt":false}}},"_links":{"self":[{"href":"https:\/\/juz-mannheim.de\/en\/wp-json\/wp\/v2\/pages\/265","targetHints":{"allow":["GET"]}}],"collection":[{"href":"https:\/\/juz-mannheim.de\/en\/wp-json\/wp\/v2\/pages"}],"about":[{"href":"https:\/\/juz-mannheim.de\/en\/wp-json\/wp\/v2\/types\/page"}],"author":[{"embeddable":true,"href":"https:\/\/juz-mannheim.de\/en\/wp-json\/wp\/v2\/users\/1"}],"replies":[{"embeddable":true,"href":"https:\/\/juz-mannheim.de\/en\/wp-json\/wp\/v2\/comments?post=265"}],"version-history":[{"count":7,"href":"https:\/\/juz-mannheim.de\/en\/wp-json\/wp\/v2\/pages\/265\/revisions"}],"predecessor-version":[{"id":1065,"href":"https:\/\/juz-mannheim.de\/en\/wp-json\/wp\/v2\/pages\/265\/revisions\/1065"}],"up":[{"embeddable":true,"href":"https:\/\/juz-mannheim.de\/en\/wp-json\/wp\/v2\/pages\/137"}],"wp:attachment":[{"href":"https:\/\/juz-mannheim.de\/en\/wp-json\/wp\/v2\/media?parent=265"}],"curies":[{"name":"wp","href":"https:\/\/api.w.org\/{rel}","templated":true}]}}