{"id":229,"date":"2012-09-12T13:56:05","date_gmt":"2012-09-12T11:56:05","guid":{"rendered":"http:\/\/juz-mannheim.de\/juz\/?page_id=229"},"modified":"2013-01-22T16:42:12","modified_gmt":"2013-01-22T15:42:12","slug":"juz-geschichte","status":"publish","type":"page","link":"https:\/\/juz-mannheim.de\/en\/uber-uns\/juz-geschichte\/","title":{"rendered":"JUZ Geschichte"},"content":{"rendered":"<p style=\"text-align: justify;\"><span style=\"font-family: Arial,sans-serif;\"><span style=\"font-family: Arial,sans-serif;\"><br \/>\nDas JUZ wurde 1973 er\u00f6ffnet, nachdem &#8217;72 der letzte Jugendtreff in der Innenstadt, das DOMIZIL, geschlossen worden war. Jugendliche hatten daraufhin keine R\u00e4ume mehr, wo sie sich ohne Konsumzwang treffen konnten. Ein neuer Treffpunkt musste her, einer ohne Bevormundung durch Sozialarbeiter_innen und Kontrolle durch die Stadt, mit der M\u00f6glichkeit, der eigenen Kreativit\u00e4t freien Lauf lassen zu k\u00f6nnen.<\/span><\/span><\/p>\n<p style=\"text-align: justify;\"><span style=\"font-family: Arial,sans-serif;\" data-mce-mark=\"1\"><span style=\"font-size: medium;\" data-mce-mark=\"1\"><a href=\"http:\/\/juz-mannheim.de\/?attachment_id=695\" rel=\"attachment wp-att-695\"><img loading=\"lazy\" decoding=\"async\" class=\"alignright size-medium wp-image-695\" alt=\"DOMIZIL\" src=\"http:\/\/juz-mannheim.de\/wp-content\/uploads\/2012\/09\/domicil21-218x300.jpg\" width=\"218\" height=\"300\" srcset=\"https:\/\/juz-mannheim.de\/wp-content\/uploads\/2012\/09\/domicil21-218x300.jpg 218w, https:\/\/juz-mannheim.de\/wp-content\/uploads\/2012\/09\/domicil21-745x1024.jpg 745w, https:\/\/juz-mannheim.de\/wp-content\/uploads\/2012\/09\/domicil21.jpg 900w\" sizes=\"auto, (max-width: 218px) 100vw, 218px\" \/><\/a>Nach langen, z\u00e4hen Verhandlungen und Hinhalteman\u00f6vern seitens der Stadt wurde 1973 im ehemaligen Gewerkschaftshaus in den Quadraten (O4, 8) das JUZ er\u00f6ffnet. Anfang der Neunziger Jahre hat dann die Stadt Mannheim das Geb\u00e4ude, in dem das JUZ 20 Jahre zu Hause war, an das bed\u00fcrftige Textilkaufhaus Engelhorn &amp; Sturm verkauft. Wo sich fr\u00fcher Jugendliche au\u00dferhalb der kapitalistischen Verwertungslogik selbst organisierten und aktiv wurden, geht heute in bester Innenstadtlage Unterw\u00e4sche \u00fcber den Ladentisch. Das JUZ musste daraufhin in ein ehemaliges Gartencenter am Rande des Neuem Messplatzes in der Neckarstadt weichen. Doch nicht nur das JUZ ist von dieser Durchkapitalisierung der Innenstadt betroffen. Durch die seit Jahren ansteigenden Mieten werden nicht zahlungskr\u00e4ftige Menschen aus begehrten Stadtteilen in die Randgebiete verdr\u00e4ngt, w\u00e4hrend Stadt und Land Prestigeprojekte wie die Popakademie mit Subventionen \u00fcbersch\u00fctten. Nach wie vor versteht sich das JUZ daher als Ort, an dem gesellschaftliche Ausgrenzungen dieser Art kritisch betrachtet und bek\u00e4mpft werden.<\/span><\/span><\/p>\n<p style=\"text-align: justify;\"><span style=\"font-family: Arial,sans-serif;\"><span title=\"engelhorn\"><a href=\"http:\/\/juz-mannheim.de\/?attachment_id=696\" rel=\"attachment wp-att-696\"><img loading=\"lazy\" decoding=\"async\" class=\"alignleft size-medium wp-image-696\" alt=\"engelhorn\" src=\"http:\/\/juz-mannheim.de\/wp-content\/uploads\/2012\/09\/engelhorn1-198x300.jpg\" width=\"198\" height=\"300\" srcset=\"https:\/\/juz-mannheim.de\/wp-content\/uploads\/2012\/09\/engelhorn1-198x300.jpg 198w, https:\/\/juz-mannheim.de\/wp-content\/uploads\/2012\/09\/engelhorn1-677x1024.jpg 677w, https:\/\/juz-mannheim.de\/wp-content\/uploads\/2012\/09\/engelhorn1.jpg 843w\" sizes=\"auto, (max-width: 198px) 100vw, 198px\" \/><\/a>So gesehen passt das JUZ gut in die Neckarstadt, wo nach wie vor eher Menschen mit wenig Kohle leben. Auch historisch gesehen war dies der Fall: Unweit vom heutigen JUZ, verstreut zwischen der Langen R\u00f6tterstra\u00dfe und der Waldhofstra\u00dfe, befanden sich bis 1962 die Mannheimer Slums, die legend\u00e4ren Spelzeng\u00e4rten. In Zeiten der Wohnungsnot entstanden hier aus Holz, Teer und Pappe \u201ewilde\u201c Siedlungen. Im Jahre 1931 lebten 646 Menschen in den Spelzeng\u00e4rten, die als \u201eprimitive Erd- und H\u00fcttenwohnungen, Schlupfwinkel und verteidigter Besitz unsicherer Existenzen\u201c bezeichnet wurden. Den Nazis waren die Spelzeng\u00e4rten als Ort kommunistischer Bet\u00e4tigung und des Arbeiter_innenwiderstandes besonders verhasst. Hier stellte die Widerstandsgruppe um Georg Lechleiter bis 1936 illegale Flugbl\u00e4tter und die \u201eArbeiter-Zeitung\u201c her. Die letzten Reste der Spelzeng\u00e4rten verschwanden erst 1962 beim Bau des Herzogenriedbades und bei der Anlage des neuen Me\u00dfplatzes, neben dem heute das JUZ zu finden ist.<\/span><\/span><\/p>\n<p>&nbsp;<\/p>\n<div id=\"attachment_697\" style=\"width: 310px\" class=\"wp-caption aligncenter\"><a href=\"http:\/\/juz-mannheim.de\/?attachment_id=697\" rel=\"attachment wp-att-697\"><img loading=\"lazy\" decoding=\"async\" aria-describedby=\"caption-attachment-697\" class=\"size-medium wp-image-697\" alt=\"Willst du mehr \u00fcber die Geschichte des JUZ Friedrich D\u00fcrr erfahren? Diese Printdokumentation ist direkt bei uns erh\u00e4ltlich.\" src=\"http:\/\/juz-mannheim.de\/wp-content\/uploads\/2012\/09\/img1751-300x211.jpg\" width=\"300\" height=\"211\" srcset=\"https:\/\/juz-mannheim.de\/wp-content\/uploads\/2012\/09\/img1751-300x211.jpg 300w, https:\/\/juz-mannheim.de\/wp-content\/uploads\/2012\/09\/img1751.jpg 527w\" sizes=\"auto, (max-width: 300px) 100vw, 300px\" \/><\/a><p id=\"caption-attachment-697\" class=\"wp-caption-text\">Willst du mehr \u00fcber die Geschichte des JUZ Friedrich D\u00fcrr erfahren? Diese Printdokumentation ist direkt bei uns erh\u00e4ltlich.<\/p><\/div>\n<p>&nbsp;<\/p>\n","protected":false},"excerpt":{"rendered":"<p>Das JUZ wurde 1973 er\u00f6ffnet, nachdem &#8217;72 der letzte Jugendtreff in der Innenstadt, das DOMIZIL, geschlossen worden war. Jugendliche hatten daraufhin keine R\u00e4ume mehr, wo sie sich ohne Konsumzwang treffen konnten. Ein neuer Treffpunkt musste her, einer ohne Bevormundung durch Sozialarbeiter_innen und Kontrolle durch die Stadt, mit der M\u00f6glichkeit, der eigenen Kreativit\u00e4t freien Lauf lassen zu k\u00f6nnen. Nach langen, z\u00e4hen Verhandlungen und Hinhalteman\u00f6vern seitens der Stadt wurde 1973 im ehemaligen Gewerkschaftshaus in den Quadraten (O4, 8) das JUZ er\u00f6ffnet. Anfang der Neunziger Jahre hat dann die Stadt Mannheim das Geb\u00e4ude, in dem das JUZ 20 Jahre zu Hause war, an<\/p>\n<p><a class=\"excerpt-more blog-excerpt\" href=\"https:\/\/juz-mannheim.de\/en\/uber-uns\/juz-geschichte\/\">&#8230;mehr<\/a><\/p>\n","protected":false},"author":1,"featured_media":0,"parent":43,"menu_order":2,"comment_status":"closed","ping_status":"closed","template":"","meta":{"footnotes":""},"class_list":["post-229","page","type-page","status-publish","hentry"],"translation":{"provider":"WPGlobus","version":"3.0.2","language":"en","enabled_languages":["de","en"],"languages":{"de":{"title":true,"content":true,"excerpt":false},"en":{"title":false,"content":false,"excerpt":false}}},"_links":{"self":[{"href":"https:\/\/juz-mannheim.de\/en\/wp-json\/wp\/v2\/pages\/229","targetHints":{"allow":["GET"]}}],"collection":[{"href":"https:\/\/juz-mannheim.de\/en\/wp-json\/wp\/v2\/pages"}],"about":[{"href":"https:\/\/juz-mannheim.de\/en\/wp-json\/wp\/v2\/types\/page"}],"author":[{"embeddable":true,"href":"https:\/\/juz-mannheim.de\/en\/wp-json\/wp\/v2\/users\/1"}],"replies":[{"embeddable":true,"href":"https:\/\/juz-mannheim.de\/en\/wp-json\/wp\/v2\/comments?post=229"}],"version-history":[{"count":15,"href":"https:\/\/juz-mannheim.de\/en\/wp-json\/wp\/v2\/pages\/229\/revisions"}],"predecessor-version":[{"id":231,"href":"https:\/\/juz-mannheim.de\/en\/wp-json\/wp\/v2\/pages\/229\/revisions\/231"}],"up":[{"embeddable":true,"href":"https:\/\/juz-mannheim.de\/en\/wp-json\/wp\/v2\/pages\/43"}],"wp:attachment":[{"href":"https:\/\/juz-mannheim.de\/en\/wp-json\/wp\/v2\/media?parent=229"}],"curies":[{"name":"wp","href":"https:\/\/api.w.org\/{rel}","templated":true}]}}