{"id":222,"date":"2012-09-06T14:35:36","date_gmt":"2012-09-06T12:35:36","guid":{"rendered":"http:\/\/juz-mannheim.de\/juz\/?page_id=222"},"modified":"2019-03-18T15:51:29","modified_gmt":"2019-03-18T14:51:29","slug":"netzwerk-fur-demokratie-und-courage","status":"publish","type":"page","link":"https:\/\/juz-mannheim.de\/en\/angebote\/netzwerk-fur-demokratie-und-courage\/","title":{"rendered":"Netzwerk f\u00fcr Demokratie und Courage"},"content":{"rendered":"<p><span style=\"font-family: Arial,sans-serif;\">Das Netzwerk f\u00fcr Demokratie und Courage e.V. (NDC) wird von jungen Menschen getragen, die sich ehrenamtlich f\u00fcr eine demokratische Kultur und gegen menschenverachtendes Denken engagieren. Das Hauptarbeitsfeld des NDC ist die Durchf\u00fchrung von Projekttagen \u201eF\u00fcr Demokratie Courage zeigen\u201c an Schulen und Ausbildungseinrichtungen. Durchgef\u00fchrt werden diese Bildungsveranstaltungen von ehrenamtlich engagierten jungen Menschen. Gemeinsam mit den Jugendlichen diskutieren sie \u00fcber Rassismus, Vorurteile und Diskriminierung, um Zivilcourage zu st\u00e4rken und zu aktivem Handeln zu ermutigen. Das JUZ Mannheim ist Netzwerkpartner des NDC in Baden-W\u00fcrttemberg und dient dem regionalen ehrenamtlichen Team in Nordbaden als Treffpunkt und Logistikzentrum der Projekttagsmaterialien.<\/span><\/p>\n<p>Weitere Infos:<\/p>\n<p><a href=\"http:\/\/netzwerk-courage.de\/\" target=\"_blank\" rel=\"noopener\">NDC-Website<\/a><\/p>\n<p><a href=\"https:\/\/rdl.de\/beitrag\/rassismen-und-diskriminierung-bei-jungen-menschen\" target=\"_blank\" rel=\"noopener\">NDC im Radio<\/a><\/p>\n<p>Video:<\/p>\n<p><iframe loading=\"lazy\" src=\"https:\/\/player.vimeo.com\/video\/102763410\" width=\"600\" height=\"360\" frameborder=\"0\" allowfullscreen=\"allowfullscreen\"><\/iframe><a href=\"https:\/\/vimeo.com\/102763410\">Das NDC &#8211; Erkl\u00e4rfilm<\/a> from <a href=\"https:\/\/vimeo.com\/ndcev\">NDC e.V.<\/a> on <a href=\"https:\/\/vimeo.com\">Vimeo<\/a>.<\/p>\n","protected":false},"excerpt":{"rendered":"<p>Das Netzwerk f\u00fcr Demokratie und Courage e.V. (NDC) wird von jungen Menschen getragen, die sich ehrenamtlich f\u00fcr eine demokratische Kultur und gegen menschenverachtendes Denken engagieren. Das Hauptarbeitsfeld des NDC ist die Durchf\u00fchrung von Projekttagen \u201eF\u00fcr Demokratie Courage zeigen\u201c an Schulen und Ausbildungseinrichtungen. Durchgef\u00fchrt werden diese Bildungsveranstaltungen von ehrenamtlich engagierten jungen Menschen. Gemeinsam mit den Jugendlichen diskutieren sie \u00fcber Rassismus, Vorurteile und Diskriminierung, um Zivilcourage zu st\u00e4rken und zu aktivem Handeln zu ermutigen. Das JUZ Mannheim ist Netzwerkpartner des NDC in Baden-W\u00fcrttemberg und dient dem regionalen ehrenamtlichen Team in Nordbaden als Treffpunkt und Logistikzentrum der Projekttagsmaterialien. Weitere Infos: NDC-Website NDC im<\/p>\n<p><a class=\"excerpt-more blog-excerpt\" href=\"https:\/\/juz-mannheim.de\/en\/angebote\/netzwerk-fur-demokratie-und-courage\/\">&#8230;mehr<\/a><\/p>\n","protected":false},"author":1,"featured_media":0,"parent":17,"menu_order":0,"comment_status":"closed","ping_status":"closed","template":"","meta":{"footnotes":""},"class_list":["post-222","page","type-page","status-publish","hentry"],"translation":{"provider":"WPGlobus","version":"3.0.2","language":"en","enabled_languages":["de","en"],"languages":{"de":{"title":true,"content":true,"excerpt":false},"en":{"title":false,"content":false,"excerpt":false}}},"_links":{"self":[{"href":"https:\/\/juz-mannheim.de\/en\/wp-json\/wp\/v2\/pages\/222","targetHints":{"allow":["GET"]}}],"collection":[{"href":"https:\/\/juz-mannheim.de\/en\/wp-json\/wp\/v2\/pages"}],"about":[{"href":"https:\/\/juz-mannheim.de\/en\/wp-json\/wp\/v2\/types\/page"}],"author":[{"embeddable":true,"href":"https:\/\/juz-mannheim.de\/en\/wp-json\/wp\/v2\/users\/1"}],"replies":[{"embeddable":true,"href":"https:\/\/juz-mannheim.de\/en\/wp-json\/wp\/v2\/comments?post=222"}],"version-history":[{"count":47,"href":"https:\/\/juz-mannheim.de\/en\/wp-json\/wp\/v2\/pages\/222\/revisions"}],"predecessor-version":[{"id":3686,"href":"https:\/\/juz-mannheim.de\/en\/wp-json\/wp\/v2\/pages\/222\/revisions\/3686"}],"up":[{"embeddable":true,"href":"https:\/\/juz-mannheim.de\/en\/wp-json\/wp\/v2\/pages\/17"}],"wp:attachment":[{"href":"https:\/\/juz-mannheim.de\/en\/wp-json\/wp\/v2\/media?parent=222"}],"curies":[{"name":"wp","href":"https:\/\/api.w.org\/{rel}","templated":true}]}}