{"id":19,"date":"2012-08-16T13:33:59","date_gmt":"2012-08-16T11:33:59","guid":{"rendered":"http:\/\/juz-mannheim.de\/juz\/?page_id=19"},"modified":"2020-10-22T11:32:11","modified_gmt":"2020-10-22T09:32:11","slug":"konzertfachschaft","status":"publish","type":"page","link":"https:\/\/juz-mannheim.de\/en\/fachschaften\/konzertfachschaft\/","title":{"rendered":"Konzert-Fachschaft"},"content":{"rendered":"<p style=\"text-align: justify;\" align=\"JUSTIFY\"><span style=\"font-family: Arial,sans-serif;\"> <a href=\"https:\/\/juz-mannheim.de\/wp-content\/uploads\/2020\/10\/13912732_1084571861627556_43332427857908802_n.jpg\"><img loading=\"lazy\" decoding=\"async\" class=\"wp-image-4038 alignleft\" src=\"https:\/\/juz-mannheim.de\/wp-content\/uploads\/2020\/10\/13912732_1084571861627556_43332427857908802_n.jpg\" alt=\"\" width=\"337\" height=\"224\" srcset=\"https:\/\/juz-mannheim.de\/wp-content\/uploads\/2020\/10\/13912732_1084571861627556_43332427857908802_n.jpg 960w, https:\/\/juz-mannheim.de\/wp-content\/uploads\/2020\/10\/13912732_1084571861627556_43332427857908802_n-300x200.jpg 300w, https:\/\/juz-mannheim.de\/wp-content\/uploads\/2020\/10\/13912732_1084571861627556_43332427857908802_n-768x511.jpg 768w\" sizes=\"auto, (max-width: 337px) 100vw, 337px\" \/><\/a>Die Konzert-Fachschaft plant und organisiert nicht-kommerzielle Konzerte. Dabei wird alternativen und experimentellen jungen K\u00fcnstlerInnen und Newcomer-Bands aus der Region eine Auftrittsm\u00f6glichkeit geboten und Musikkultur jenseits kommerziell produzierter und vermarkteter Mainstream-Musik gef\u00f6rdert. Dabei werden viele kleine Konzerte mit unbekannten Bands und einem breiten Spektrum verschiedener Musikstile organisiert und durchgef\u00fchrt. Einen Schwerpunkt bildeten die Jugendsubkulturen Punk und Hardcore.<\/span><\/p>\n","protected":false},"excerpt":{"rendered":"<p>Die Konzert-Fachschaft plant und organisiert nicht-kommerzielle Konzerte. Dabei wird alternativen und experimentellen jungen K\u00fcnstlerInnen und Newcomer-Bands aus der Region eine Auftrittsm\u00f6glichkeit geboten und Musikkultur jenseits kommerziell produzierter und vermarkteter Mainstream-Musik gef\u00f6rdert. Dabei werden viele kleine Konzerte mit unbekannten Bands und einem breiten Spektrum verschiedener Musikstile organisiert und durchgef\u00fchrt. Einen Schwerpunkt bildeten die Jugendsubkulturen Punk und Hardcore.<\/p>\n","protected":false},"author":1,"featured_media":0,"parent":137,"menu_order":6,"comment_status":"closed","ping_status":"closed","template":"","meta":{"footnotes":""},"class_list":["post-19","page","type-page","status-publish","hentry"],"translation":{"provider":"WPGlobus","version":"3.0.2","language":"en","enabled_languages":["de","en"],"languages":{"de":{"title":true,"content":true,"excerpt":false},"en":{"title":false,"content":false,"excerpt":false}}},"_links":{"self":[{"href":"https:\/\/juz-mannheim.de\/en\/wp-json\/wp\/v2\/pages\/19","targetHints":{"allow":["GET"]}}],"collection":[{"href":"https:\/\/juz-mannheim.de\/en\/wp-json\/wp\/v2\/pages"}],"about":[{"href":"https:\/\/juz-mannheim.de\/en\/wp-json\/wp\/v2\/types\/page"}],"author":[{"embeddable":true,"href":"https:\/\/juz-mannheim.de\/en\/wp-json\/wp\/v2\/users\/1"}],"replies":[{"embeddable":true,"href":"https:\/\/juz-mannheim.de\/en\/wp-json\/wp\/v2\/comments?post=19"}],"version-history":[{"count":11,"href":"https:\/\/juz-mannheim.de\/en\/wp-json\/wp\/v2\/pages\/19\/revisions"}],"predecessor-version":[{"id":4039,"href":"https:\/\/juz-mannheim.de\/en\/wp-json\/wp\/v2\/pages\/19\/revisions\/4039"}],"up":[{"embeddable":true,"href":"https:\/\/juz-mannheim.de\/en\/wp-json\/wp\/v2\/pages\/137"}],"wp:attachment":[{"href":"https:\/\/juz-mannheim.de\/en\/wp-json\/wp\/v2\/media?parent=19"}],"curies":[{"name":"wp","href":"https:\/\/api.w.org\/{rel}","templated":true}]}}