{"id":14,"date":"2012-08-16T13:32:06","date_gmt":"2012-08-16T11:32:06","guid":{"rendered":"http:\/\/juz-mannheim.de\/juz\/?page_id=14"},"modified":"2024-03-12T15:18:31","modified_gmt":"2024-03-12T14:18:31","slug":"kontakt-impressum-datenschutz","status":"publish","type":"page","link":"https:\/\/juz-mannheim.de\/en\/kontakt-impressum-datenschutz\/","title":{"rendered":"Impressum|Kontakt|Datenschutzerkl\u00e4rung"},"content":{"rendered":"<p>Die Kontaktdaten des Vereins: K\u00e4the-Kollwitz-Stra\u00dfe 2-4<br \/>\nName:Tr\u00e4gerverein f\u00fcr ein Jugendzentrum in Selbstverwaltung e.V.<br \/>\nTelefonnummer: 0621-305144<br \/>\nE-Mail Adresse:<br \/>\nUnternehmensbezeichnung: Jugendzentrum in Selbstverwaltung Friedrich D\u00fcrr<br \/>\nName Vorstand: Michael Damboer<br \/>\nTelefonnummer: 0621-305144<br \/>\nE-Mail-Adresse:<br \/>\nUnternehmensbezeichnung: Verein<\/p>\n<h2>Datenschutzerkl\u00e4rung<\/h2>\n<p>Sie erhalten als Nutzer unserer Internetseite in dieser Datenschutzerkl\u00e4rung alle notwendigen Informationen dar\u00fcber, wie, in welchem Umfang sowie zu welchem Zweck wir oder Drittanbieter Daten von Ihnen erheben und diese verwenden. Die Erhebung und Nutzung Ihrer Daten erfolgt streng nach den Vorgaben des Bundesdatenschutzgesetzes (BDSG) und des Telemediengesetzes (TMG). Wir f\u00fchlen uns der Vertraulichkeit Ihrer personenbezogenen Daten besonders verpflichtet und arbeiten deshalb streng innerhalb der Grenzen, die die gesetzlichen Vorgaben uns setzen. Die Erhebung dieser personenbezogenen Daten erfolgt auf freiwilliger Basis, wenn uns das m\u00f6glich ist. Auch geben wir diese Daten nur mit Ihrer ausdr\u00fccklichen Zustimmung an Dritte weiter. Wir sorgen bei besonders vertraulichen Daten wie im Zahlungsverkehr oder im Hinblick auf Ihre Anfragen an uns durch Einsatz einer SSL-Verschl\u00fcsselung f\u00fcr hohe Sicherheit. Wir m\u00f6chten es aber an dieser Stelle nicht vers\u00e4umen, auf die allgemeinen Gefahren der Internetnutzung hinzuweisen, auf die wir keinen Einfluss haben. Besonders im E-Mail-Verkehr sind Ihre Daten ohne weitere Vorkehrungen nicht sicher und k\u00f6nnen unter Umst\u00e4nden von Dritten erfasst werden.<\/p>\n<h2>Auskunft, L\u00f6schung, Sperrung<\/h2>\n<p>Sie erhalten jederzeit unentgeltlich Auskunft \u00fcber die von uns gespeicherten personenbezogenen Daten zu Ihrer Person sowie zur Herkunft, dem Empf\u00e4nger und dem Zweck von Datenerhebung sowie Datenverarbeitung. Au\u00dferdem haben Sie das Recht, die Berichtigung, die Sperrung oder L\u00f6schung Ihrer Daten zu verlangen. Ausgenommen davon sind Daten, die aufgrund gesetzlicher Vorschriften aufbewahrt oder zur ordnungsgem\u00e4\u00dfen Gesch\u00e4ftsabwicklung ben\u00f6tigt werden. Damit eine Datensperre jederzeit realisiert werden kann, werden Daten zu Kontrollzwecken in einer Sperrdatei vorgehalten. Werden Daten nicht von einer gesetzlichen Archivierungspflicht erfasst, l\u00f6schen wir Ihre Daten auf Ihren Wunsch. Greift die Archivierungspflicht, sperren wir Ihre Daten. F\u00fcr alle Fragen und Anliegen zur Berichtigung, Sperrung oder L\u00f6schung von personenbezogenen Daten wenden Sie sich bitte an unseren Datenschutzbeauftragten unter den Kontaktdaten in dieser Datenschutzerkl\u00e4rung bzw. an die im Impressum genannte Adresse.<\/p>\n<h2>Cookies<\/h2>\n<p>Wir verwenden auf unserer Webseite Cookies. Diese kleinen Textdateien werden von unserem Server aus auf Ihrem PC gespeichert. Sie unterst\u00fctzen die Darstellung unserer Webseite und helfen Ihnen, sich auf unserer Webseite zu bewegen.<br \/>\nCookies erfassen Daten zu Ihrer IP-Adresse, zu Ihrem Browser, Ihrem Betriebssystem und Ihrer Internetverbindung. Diese Informationen verbinden wir nicht mit personenbezogenen Daten und geben sie nicht an Dritte weiter. Keinesfalls werden Cookies von uns dazu benutzt, Schad- oder Spionageprogramme auf Ihren Rechner zu bringen.<br \/>\nSie k\u00f6nnen unsere Webseite auch ohne den Einsatz von Cookies nutzen, wodurch m\u00f6glicherweise einige Darstellungen und Funktionen unseres Angebots nur eingeschr\u00e4nkt arbeiten. Wenn Sie die Cookies deaktivieren m\u00f6chten, k\u00f6nnen Sie das \u00fcber spezielle Einstellungen Ihres Browsers erreichen. Nutzen Sie bitte dessen Hilfsfunktion, um die entsprechenden \u00c4nderungen vornehmen zu k\u00f6nnen.<br \/>\nOnline-Anzeigen-Cookies k\u00f6nnen Sie \u00fcber folgende Links verwalten:<br \/>\nhttp:\/\/www.aboutads.info\/choices f\u00fcr die USA<br \/>\nhttp:\/\/www.youronlinechoices.com\/uk\/your-ad-choices f\u00fcr Europa<\/p>\n<h2>Erhebung von Zugriffsdaten<\/h2>\n<p>Die Auslieferung und Darstellung der Inhalte \u00fcber unsere Webseite erfordert technisch die Erfassung bestimmter Daten. Mit Ihrem Zugriff auf unsere Webseite werden diese sogenannten Server-Logfiles durch uns oder den Provider des Webspace erfasst. Diese Logfiles erlauben keinen R\u00fcckschluss auf Sie und Ihre Person.<\/p>\n<p>Die entsprechenden Informationen bestehen aus dem Namen der Webseite, der Datei, dem aktuellen Datum, der Datenmenge, dem Webrowser und seiner Version, dem eingesetzten Betriebssystem, dem Domain-Namen Ihres Internet-Providers, der Referrer-URL als jene Seite, von der Sie auf unsere Seite gewechselt sind, sowie der entsprechenden IP-Adresse.<\/p>\n<p>Wir nutzen diese Daten zur Darstellung und Auslieferung unserer Inhalte sowie zu statistischen Zwecken. Die Informationen unterst\u00fctzen die Bereitstellung und st\u00e4ndige Verbesserung unseres Angebots. Auch behalten wir uns vor, die erw\u00e4hnten Daten nachtr\u00e4glich zu pr\u00fcfen, sollte der Verdacht auf eine rechtswidrige Nutzung unseres Angebotes bestehen.<\/p>\n<h2>Inhalte und Dienste von Drittanbietern<\/h2>\n<p>Das Angebot auf unserer Webseite erfasst unter Umst\u00e4nden auch Inhalte, Dienste und Leistungen von anderen Anbietern, die unser Angebot erg\u00e4nzen. Beispiele f\u00fcr solche Angebote sind Karten von Google-Maps, YouTube-Videos oder Grafikdarstellungen Dritter. Der Aufruf dieser Leistungen von dritter Seite erfordert regelm\u00e4\u00dfig die \u00dcbermittlung Ihrer IP-Adresse. Damit ist es diesen Anbietern m\u00f6glich, Ihre Nutzer-IP-Adresse wahrzunehmen und diese auch zu speichern.<br \/>\nWir bem\u00fchen uns sehr, nur solche Drittanbieter einzubeziehen, die IP-Adressen allein zur Auslieferung der Inhalte nutzen. Wir haben dabei jedoch keinen Einfluss darauf, welcher Drittanbieter gegebenenfalls die IP-Adresse speichert. Diese Speicherung kann zum Beispiel statistischen Zwecken dienen. Sollten wir von Speicherungsvorg\u00e4ngen durch Drittanbieter Kenntnis erlangen, weisen wir unsere Nutzer unverz\u00fcglich auf diese Tatsache hin.<br \/>\nBeachten Sie bitte in diesem Zusammenhang auch die speziellen Datenschutzerkl\u00e4rungen zu einzelnen Drittanbietern und Dienstleistern, deren Service wir auf unserer Webseite nutzen. Sie finden Sie ebenfalls in dieser Datenschutzerkl\u00e4rung.<\/p>\n<h2>Personenbezogene Daten<\/h2>\n<p>Personenbezogene Daten erheben wir im Rahmen von Datenvermeidung und Datensparsamkeit nur in dem Ausma\u00df und so lange, wie es zur Nutzung unserer Webseite notwendig ist, beziehungsweise vom Gesetzgeber vorgeschrieben wird. Wir nehmen den Schutz Ihrer pers\u00f6nlichen Daten ernst und halten uns bei Erhebung und Verarbeitung personenbezogener Daten streng an die entsprechenden gesetzlichen Vorschriften und an diese Datenschutzerkl\u00e4rung. F\u00e4llt der Zweck der Datenerhebung weg oder ist das Ende der gesetzlichen Speicherfrist erreicht, werden die erhobenen Daten gesperrt oder gel\u00f6scht.<br \/>\nRegelm\u00e4\u00dfig kann unsere Webseite ohne die Weitergabe pers\u00f6nlicher Daten genutzt werden. Wenn wir personenbezogene Daten erheben \u2013 etwa Ihren Namen, Ihre Anschrift oder Ihre E-Mail-Adresse \u2013 erfolgt diese Datenerhebung freiwillig. Ohne eine ausdr\u00fccklich erteilte Zustimmung von Ihrer Seite werden diese Daten Dritten nicht zur Kenntnis gebracht.<br \/>\nBeachten Sie bitte, dass Daten im Internet allgemein nicht immer sicher \u00fcbertragen werden. Besonders im E-Mail-Verkehr kann der Schutz beim Datenaustausch nicht garantiert werden.<\/p>\n<h2>SSL-Verschl\u00fcsselung<\/h2>\n<p>Unsere Webseite bedient sich einer SSL-Verschl\u00fcsselung, wenn es um die \u00dcbermittlung vertraulicher oder pers\u00f6nlicher Inhalte unserer Nutzer geht. Diese Verschl\u00fcsslung wird zum Beispiel bei der Abwicklung des Zahlungsverkehrs sowie bei Anfragen aktiviert, die Sie an uns \u00fcber unsere Webseite stellen. Achten Sie bitte darauf, dass die SSL-Verschl\u00fcsselung bei entsprechenden Aktivit\u00e4ten von Ihrer Seite her aktiviert ist. Der Einsatz der Verschl\u00fcsselung ist leicht zu erkennen: Die Anzeige in Ihrer Browserzeile wechselt von \u201ehttp:\/\/\u201c zu \u201ehttps:\/\/\u201c. \u00dcber SSL verschl\u00fcsselte Daten sind nicht von Dritten lesbar. \u00dcbermitteln Sie Ihre vertraulichen Informationen nur bei aktivierter SSL-Verschl\u00fcsselung und wenden Sie sich im Zweifel an uns.<\/p>\n<h2>Facebook Plugin<\/h2>\n<p>Sie finden auf unserer Webseite Plugins des sozialen Netzwerks Facebook. Dessen Anbieter ist die Facebook Inc. Sie ist ans\u00e4ssig in den USA, California 94025, 1 Hacker Way, Menlo Park. Das Facebook-Logo oder der &#8220;Like-Button&#8221; (&#8220;Gef\u00e4llt mir&#8221;-Knopf) auf unserer Seite kennzeichnen die Facebook-Plugins f\u00fcr Sie erkennbar. Beachten Sie auch die \u00dcbersicht zu den Facebook-Plugins auf http:\/\/developers.facebook.com\/docs\/plugins\/.<br \/>\nBei Ihrem Besuch auf unserer Webseite stellen wir \u00fcber das Plugin direkt eine Verbindung mit dem Facebook-Server her. Sie sind dann \u00fcber Ihren Browser dorthin geschaltet. F\u00fcr Facebook ist damit die Information verbunden, dass Sie unsere Webseite mit Ihrer IP-Adresse besucht haben. Mit einem Klick auf den Facebook &#8220;Like-Button&#8221; verlinken Sie Inhalte unserer Webseite mit Ihrem Profil auf Facebook. F\u00fcr Facebook wird der Besuch auf unserer Seite Ihrem Benutzerkonto zuordenbar. Dabei haben wir keine Kenntnis dar\u00fcber, welcher Art die Inhalte sind, die an Facebook \u00fcbermittelt werden und wie Facebook diese nutzt.<br \/>\nErhalten Sie n\u00e4here Informationen zur Datenerhebung und Datennutzung in der Facebook-Datenschutzerkl\u00e4rung, die Sie unter http:\/\/de-de.facebook.com\/policy.php finden.<br \/>\nSie k\u00f6nnen die Zuordnung Ihres Besuches auf unserer Seite mit Ihrem Facebook-Profil unterbinden, indem Sie sich einfach vorher aus Ihrem Facebook-Account ausloggen.<\/p>\n<h2>Google Maps Plugin<\/h2>\n<p>Wir setzen auf unserer Webseite ein Plugin des Internetdienstes Google Maps ein. Betreiber von Google Maps ist Google Inc., ans\u00e4ssig in den USA, CA 94043, 1600 Amphitheatre Parkway, Mountain View.<br \/>\nIndem Sie Google Maps auf unserer Webseite nutzen, werden Informationen \u00fcber die Nutzung dieser Webseite und Ihre IP-Adresse an einen Google-Server in den USA \u00fcbermittelt und auch auf diesem Server gespeichert. Wir haben keine Kenntnis \u00fcber den genauen Inhalt der \u00fcbermittelten Daten, noch \u00fcber ihre Nutzung durch Google. Das Unternehmen verneint in diesem Kontext die Verbindung der Daten mit Informationen aus anderen Google-Diensten und die Erfassung personenbezogener Daten. Allerdings kann Google die Informationen an Dritte \u00fcbermitteln.<br \/>\nWenn Sie Javascript in Ihrem Browser deaktivieren, verhindern Sie die Ausf\u00fchrung von Google Maps. Sie k\u00f6nnen dann aber auch keine Kartenanzeige auf unserer Webseite nutzen.<br \/>\nMit der Nutzung unserer Webseite erkl\u00e4ren Sie Ihr Einverst\u00e4ndnis mit der beschriebenen Erfassung und Verarbeitung der Informationen durch Google Inc..<br \/>\nN\u00e4heres zu den Datenschutzbestimmungen und Nutzungsbedingungen f\u00fcr Google Maps erfahren Sie hier: <a href=\"https:\/\/www.google.com\/intl\/de_de\/help\/terms_maps.html\">https:\/\/www.google.com\/intl\/de_de\/help\/terms_maps.html<\/a> .<\/p>\n","protected":false},"excerpt":{"rendered":"<p>Die Kontaktdaten des Vereins: K\u00e4the-Kollwitz-Stra\u00dfe 2-4 Name:Tr\u00e4gerverein f\u00fcr ein Jugendzentrum in Selbstverwaltung e.V. Telefonnummer: 0621-305144 E-Mail Adresse: Unternehmensbezeichnung: Jugendzentrum in Selbstverwaltung Friedrich D\u00fcrr Name Vorstand: Michael Damboer Telefonnummer: 0621-305144 E-Mail-Adresse: Unternehmensbezeichnung: Verein Datenschutzerkl\u00e4rung Sie erhalten als Nutzer unserer Internetseite in dieser Datenschutzerkl\u00e4rung alle notwendigen Informationen dar\u00fcber, wie, in welchem Umfang sowie zu welchem Zweck wir oder Drittanbieter Daten von Ihnen erheben und diese verwenden. Die Erhebung und Nutzung Ihrer Daten erfolgt streng nach den Vorgaben des Bundesdatenschutzgesetzes (BDSG) und des Telemediengesetzes (TMG). Wir f\u00fchlen uns der Vertraulichkeit Ihrer personenbezogenen Daten besonders verpflichtet und arbeiten deshalb streng innerhalb der Grenzen, die<\/p>\n<p><a class=\"excerpt-more blog-excerpt\" href=\"https:\/\/juz-mannheim.de\/en\/kontakt-impressum-datenschutz\/\">&#8230;mehr<\/a><\/p>\n","protected":false},"author":1,"featured_media":0,"parent":0,"menu_order":5,"comment_status":"closed","ping_status":"closed","template":"","meta":{"footnotes":""},"class_list":["post-14","page","type-page","status-publish","hentry"],"translation":{"provider":"WPGlobus","version":"3.0.2","language":"en","enabled_languages":["de","en"],"languages":{"de":{"title":true,"content":true,"excerpt":false},"en":{"title":false,"content":false,"excerpt":false}}},"_links":{"self":[{"href":"https:\/\/juz-mannheim.de\/en\/wp-json\/wp\/v2\/pages\/14","targetHints":{"allow":["GET"]}}],"collection":[{"href":"https:\/\/juz-mannheim.de\/en\/wp-json\/wp\/v2\/pages"}],"about":[{"href":"https:\/\/juz-mannheim.de\/en\/wp-json\/wp\/v2\/types\/page"}],"author":[{"embeddable":true,"href":"https:\/\/juz-mannheim.de\/en\/wp-json\/wp\/v2\/users\/1"}],"replies":[{"embeddable":true,"href":"https:\/\/juz-mannheim.de\/en\/wp-json\/wp\/v2\/comments?post=14"}],"version-history":[{"count":29,"href":"https:\/\/juz-mannheim.de\/en\/wp-json\/wp\/v2\/pages\/14\/revisions"}],"predecessor-version":[{"id":4725,"href":"https:\/\/juz-mannheim.de\/en\/wp-json\/wp\/v2\/pages\/14\/revisions\/4725"}],"wp:attachment":[{"href":"https:\/\/juz-mannheim.de\/en\/wp-json\/wp\/v2\/media?parent=14"}],"curies":[{"name":"wp","href":"https:\/\/api.w.org\/{rel}","templated":true}]}}