{"id":137,"date":"2012-08-16T17:12:09","date_gmt":"2012-08-16T15:12:09","guid":{"rendered":"http:\/\/juz-mannheim.de\/juz\/?page_id=137"},"modified":"2023-08-21T18:41:21","modified_gmt":"2023-08-21T16:41:21","slug":"fachschaften","status":"publish","type":"page","link":"https:\/\/juz-mannheim.de\/en\/fachschaften\/","title":{"rendered":"Fachschaften|Mitmachen"},"content":{"rendered":"<p align=\"JUSTIFY\"><a href=\"https:\/\/juz-mannheim.de\/fachschaften\/juzist-2\/\" rel=\"attachment wp-att-1735\"><img loading=\"lazy\" decoding=\"async\" class=\"size-medium wp-image-1735 alignnone\" src=\"http:\/\/juz-mannheim.de\/wp-content\/uploads\/2012\/08\/JUZist1-300x34.jpg\" alt=\"JUZist\" width=\"472\" height=\"53\" srcset=\"https:\/\/juz-mannheim.de\/wp-content\/uploads\/2012\/08\/JUZist1-300x34.jpg 300w, https:\/\/juz-mannheim.de\/wp-content\/uploads\/2012\/08\/JUZist1.jpg 748w\" sizes=\"auto, (max-width: 472px) 100vw, 472px\" \/><\/a><\/p>\n<p align=\"JUSTIFY\"><span style=\"font-family: Arial,sans-serif;\">Selbstverwaltung hei\u00dft, dass wir alles, was im JUZ geschieht, selbst bestimmen und verantworten. Die S\u00e4ulen unsrer Selbstverwaltung sind die Fachschaften, die f\u00fcr bestimmte Bereiche des JUZ Verantwortung \u00fcbernehmen und sich aktiv an der Organisation des Ladens beteiligen. Die Fachschaften stehen prinzipiell allen offen, d.h. Jede und Jeder kann sich gem\u00e4\u00df den pers\u00f6nlichen Interessen in Fachschaften engagieren und dadurch das JUZ mitgestalten.<\/span><\/p>\n<p><span style=\"font-family: Arial,sans-serif;\">Im JUZ existieren zurzeit 13 Fachschaften:<\/span><\/p>\n<p><strong><strong>\u00bb<\/strong>\u00a0<a title=\"Disco-Fachschaft\" href=\"http:\/\/juz-mannheim.de\/?page_id=100\">Disco-Fachschaft<\/a><\/strong><\/p>\n<p><strong><strong>\u00bb<\/strong>\u00a0<a title=\"Fachschaft f\u00fcr politische Bildung\" href=\"http:\/\/juz-mannheim.de\/?page_id=64\">Fachschaft f\u00fcr politische Bildung<\/a><\/strong><\/p>\n<p><strong><strong>\u00bb<\/strong>\u00a0<a title=\"Fahrrad-Fachschaft\" href=\"http:\/\/juz-mannheim.de\/?page_id=273\">Fahrrad-Fachschaft<\/a><\/strong><\/p>\n<p><strong><strong>\u00bb<\/strong>\u00a0<a title=\"Freiraumcaf\u00e9-Fachschaft\" href=\"http:\/\/juz-mannheim.de\/?page_id=271\">Freiraumcaf\u00e9-Fachschaft<\/a><\/strong><\/p>\n<p><strong><strong>\u00bb<\/strong>\u00a0<a title=\"Garten-Fachschaft\" href=\"http:\/\/juz-mannheim.de\/?page_id=265\">Garten-Fachschaft<\/a><\/strong><\/p>\n<p><strong>\u00bb <a href=\"https:\/\/juz-mannheim.de\/Infoladen\/\">Infoladen-Fachschaft<\/a><\/strong><\/p>\n<p><strong style=\"color: inherit; font-size: 1.1em;\">\u00bb\u00a0<a title=\"Konzert-Fachschaft\" href=\"http:\/\/juz-mannheim.de\/?page_id=19\">Konzert-Fachschaft<\/a><\/strong><\/p>\n<p><strong><strong>\u00bb\u00a0<\/strong><a title=\"K\u00fcchen-Fachschaft\" href=\"http:\/\/juz-mannheim.de\/?page_id=98\">K\u00fcchen-Fachschaft<\/a><\/strong><\/p>\n<p><strong><strong>\u00bb<\/strong>\u00a0<a title=\"Proberaum-Fachschaft\" href=\"http:\/\/juz-mannheim.de\/?page_id=94\">Proberaum-Fachschaft<\/a><\/strong><\/p>\n<p><strong><strong>\u00bb<\/strong>\u00a0<a title=\"Siebdruck-Fachschaft\" href=\"http:\/\/juz-mannheim.de\/?page_id=267\">Siebdruck-Fachschaft<\/a><\/strong><\/p>\n<p><strong><strong>\u00bb<\/strong>\u00a0<a title=\"Sport-Fachschaft\" href=\"http:\/\/juz-mannheim.de\/?page_id=263\">Sport-Fachschaft<\/a><\/strong><\/p>\n<p><strong><strong>\u00bb<\/strong>\u00a0<a title=\"Technik-Fachschaft\" href=\"http:\/\/juz-mannheim.de\/?page_id=90\">Technik-Fachschaft<\/a><\/strong><\/p>\n<p><strong>\u00bb\u00a0<a title=\"Technik-Fachschaft\" href=\"https:\/\/juz-mannheim.de\/tischtennis-fachschaft\/\">Tischtennis-Fachschaft<\/a><\/strong><\/p>\n","protected":false},"excerpt":{"rendered":"<p>Selbstverwaltung hei\u00dft, dass wir alles, was im JUZ geschieht, selbst bestimmen und verantworten. Die S\u00e4ulen unsrer Selbstverwaltung sind die Fachschaften, die f\u00fcr bestimmte Bereiche des JUZ Verantwortung \u00fcbernehmen und sich aktiv an der Organisation des Ladens beteiligen. Die Fachschaften stehen prinzipiell allen offen, d.h. Jede und Jeder kann sich gem\u00e4\u00df den pers\u00f6nlichen Interessen in Fachschaften engagieren und dadurch das JUZ mitgestalten. Im JUZ existieren zurzeit 13 Fachschaften: \u00bb\u00a0Disco-Fachschaft \u00bb\u00a0Fachschaft f\u00fcr politische Bildung \u00bb\u00a0Fahrrad-Fachschaft \u00bb\u00a0Freiraumcaf\u00e9-Fachschaft \u00bb\u00a0Garten-Fachschaft \u00bb Infoladen-Fachschaft \u00bb\u00a0Konzert-Fachschaft \u00bb\u00a0K\u00fcchen-Fachschaft \u00bb\u00a0Proberaum-Fachschaft \u00bb\u00a0Siebdruck-Fachschaft \u00bb\u00a0Sport-Fachschaft \u00bb\u00a0Technik-Fachschaft \u00bb\u00a0Tischtennis-Fachschaft<\/p>\n","protected":false},"author":1,"featured_media":0,"parent":0,"menu_order":3,"comment_status":"closed","ping_status":"closed","template":"","meta":{"footnotes":""},"class_list":["post-137","page","type-page","status-publish","hentry"],"translation":{"provider":"WPGlobus","version":"3.0.2","language":"en","enabled_languages":["de","en"],"languages":{"de":{"title":true,"content":true,"excerpt":false},"en":{"title":false,"content":false,"excerpt":false}}},"_links":{"self":[{"href":"https:\/\/juz-mannheim.de\/en\/wp-json\/wp\/v2\/pages\/137","targetHints":{"allow":["GET"]}}],"collection":[{"href":"https:\/\/juz-mannheim.de\/en\/wp-json\/wp\/v2\/pages"}],"about":[{"href":"https:\/\/juz-mannheim.de\/en\/wp-json\/wp\/v2\/types\/page"}],"author":[{"embeddable":true,"href":"https:\/\/juz-mannheim.de\/en\/wp-json\/wp\/v2\/users\/1"}],"replies":[{"embeddable":true,"href":"https:\/\/juz-mannheim.de\/en\/wp-json\/wp\/v2\/comments?post=137"}],"version-history":[{"count":44,"href":"https:\/\/juz-mannheim.de\/en\/wp-json\/wp\/v2\/pages\/137\/revisions"}],"predecessor-version":[{"id":4616,"href":"https:\/\/juz-mannheim.de\/en\/wp-json\/wp\/v2\/pages\/137\/revisions\/4616"}],"wp:attachment":[{"href":"https:\/\/juz-mannheim.de\/en\/wp-json\/wp\/v2\/media?parent=137"}],"curies":[{"name":"wp","href":"https:\/\/api.w.org\/{rel}","templated":true}]}}